{"id":114,"date":"2017-02-16T11:05:14","date_gmt":"2017-02-16T11:05:14","guid":{"rendered":"https:\/\/xml-io.proteusthemes.com\/medicpress\/?page_id=114"},"modified":"2024-03-02T03:39:42","modified_gmt":"2024-03-02T03:39:42","slug":"contacto","status":"publish","type":"page","link":"https:\/\/centroceed.com\/index.php\/contacto\/","title":{"rendered":"Contacto"},"content":{"rendered":"<div id=\"pl-114\"  class=\"panel-layout\" ><div id=\"pg-114-0\"  class=\"panel-grid panel-has-style\" ><div class=\"panel-row-style panel-row-style-for-114-0\" ><div id=\"pgc-114-0-0\"  class=\"panel-grid-cell\" ><div id=\"panel-114-0-0-0\" class=\"so-panel widget widget_sow-editor panel-first-child panel-last-child\" data-index=\"0\" ><div\n\t\t\t\n\t\t\tclass=\"so-widget-sow-editor so-widget-sow-editor-base\"\n\t\t\t\n\t\t>\n<div class=\"siteorigin-widget-tinymce textwidget\">\n\t<h2><\/h2>\n<h2>Somos CEED<\/h2>\n<p>\u00a1Estamos aqu\u00ed para ayudarte!<\/p>\n<p>Si tienes alguna pregunta, inquietud o necesitas programar una cita, no dudes en contactarnos. Puedes llamarnos, enviarnos un correo electr\u00f3nico o completar el formulario a continuaci\u00f3n.<\/p>\n<p>Nuestro equipo m\u00e9dico estar\u00e1 encantado de atenderte.<br \/>\n\u00a1Gracias por confiar en nosotros!<\/p>\n<\/div>\n<\/div><\/div><\/div><div id=\"pgc-114-0-1\"  class=\"panel-grid-cell\" ><div id=\"panel-114-0-1-0\" class=\"so-panel widget widget_sow-editor panel-first-child panel-last-child\" data-index=\"1\" ><div\n\t\t\t\n\t\t\tclass=\"so-widget-sow-editor so-widget-sow-editor-base\"\n\t\t\t\n\t\t>\n<div class=\"siteorigin-widget-tinymce textwidget\">\n\t<p><img fetchpriority=\"high\" fetchpriority=\"high\" decoding=\"async\" class=\"alignnone wp-image-1374 size-full\" src=\"http:\/\/centroceed.com\/wp-content\/uploads\/2024\/03\/centro.jpg\" alt=\"\" width=\"860\" height=\"430\" srcset=\"https:\/\/centroceed.com\/wp-content\/uploads\/2024\/03\/centro.jpg 860w, https:\/\/centroceed.com\/wp-content\/uploads\/2024\/03\/centro-300x150.jpg 300w, https:\/\/centroceed.com\/wp-content\/uploads\/2024\/03\/centro-768x384.jpg 768w, https:\/\/centroceed.com\/wp-content\/uploads\/2024\/03\/centro-350x175.jpg 350w\" sizes=\"(max-width: 860px) 100vw, 860px\" \/><\/p>\n<\/div>\n<\/div><\/div><\/div><\/div><\/div><div id=\"pg-114-1\"  class=\"panel-grid panel-no-style\" ><div id=\"pgc-114-1-0\"  class=\"panel-grid-cell panel-grid-cell-empty\" ><\/div><\/div><div id=\"pg-114-2\"  class=\"panel-grid panel-no-style\" ><div id=\"pgc-114-2-0\"  class=\"panel-grid-cell panel-grid-cell-empty\" ><\/div><\/div><div id=\"pg-114-3\"  class=\"panel-grid panel-has-style\" ><div class=\"panel-row-style panel-row-style-for-114-3\" ><div id=\"pgc-114-3-0\"  class=\"panel-grid-cell\" ><div id=\"panel-114-3-0-0\" class=\"so-panel widget widget_sow-editor panel-first-child panel-last-child\" data-index=\"2\" ><div\n\t\t\t\n\t\t\tclass=\"so-widget-sow-editor so-widget-sow-editor-base\"\n\t\t\t\n\t\t>\n<div class=\"siteorigin-widget-tinymce textwidget\">\n\t<h2 style=\"text-align: left\">Cont\u00e1ctanos<\/h2>\n<\/div>\n<\/div><\/div><\/div><\/div><\/div><div id=\"pg-114-4\"  class=\"panel-grid panel-no-style\" ><div id=\"pgc-114-4-0\"  class=\"panel-grid-cell\" ><div id=\"panel-114-4-0-0\" class=\"so-panel widget widget_sow-editor panel-first-child\" data-index=\"3\" ><div\n\t\t\t\n\t\t\tclass=\"so-widget-sow-editor so-widget-sow-editor-base\"\n\t\t\t\n\t\t>\n<div class=\"siteorigin-widget-tinymce textwidget\">\n\t<\/div>\n<\/div><\/div><div id=\"panel-114-4-0-1\" class=\"so-panel widget widget_sow-editor panel-last-child\" data-index=\"4\" ><div\n\t\t\t\n\t\t\tclass=\"so-widget-sow-editor so-widget-sow-editor-base\"\n\t\t\t\n\t\t>\n<div class=\"siteorigin-widget-tinymce textwidget\">\n\t\n<div class=\"wpcf7 no-js\" id=\"wpcf7-f13-o1\" lang=\"en-US\" dir=\"ltr\">\n<div class=\"screen-reader-response\"><p role=\"status\" aria-live=\"polite\" aria-atomic=\"true\"><\/p> <ul><\/ul><\/div>\n<form action=\"\/index.php\/wp-json\/wp\/v2\/pages\/114#wpcf7-f13-o1\" method=\"post\" class=\"wpcf7-form init\" aria-label=\"Contact form\" novalidate=\"novalidate\" data-status=\"init\">\n<div style=\"display: none;\">\n<input type=\"hidden\" name=\"_wpcf7\" value=\"13\" \/>\n<input type=\"hidden\" name=\"_wpcf7_version\" value=\"5.9\" \/>\n<input type=\"hidden\" name=\"_wpcf7_locale\" value=\"en_US\" \/>\n<input type=\"hidden\" name=\"_wpcf7_unit_tag\" value=\"wpcf7-f13-o1\" \/>\n<input type=\"hidden\" name=\"_wpcf7_container_post\" value=\"0\" \/>\n<input type=\"hidden\" name=\"_wpcf7_posted_data_hash\" value=\"\" \/>\n<\/div>\n<div class=\"row\">\n\t<div class=\"col-xs-12  col-lg-4\">\n\t\t<p><span class=\"wpcf7-form-control-wrap\" data-name=\"your-name\"><input size=\"40\" class=\"wpcf7-form-control wpcf7-text wpcf7-validates-as-required form-control\" aria-required=\"true\" aria-invalid=\"false\" placeholder=\"Nombre*\" value=\"\" type=\"text\" name=\"your-name\" \/><\/span>\n\t\t<\/p>\n\t<\/div>\n\t<div class=\"col-xs-12  col-lg-4\">\n\t\t<p><span class=\"wpcf7-form-control-wrap\" data-name=\"your-number\"><input size=\"40\" class=\"wpcf7-form-control wpcf7-tel wpcf7-validates-as-required wpcf7-text wpcf7-validates-as-tel form-control\" aria-required=\"true\" aria-invalid=\"false\" placeholder=\"Tel\u00e9fono*\" value=\"\" type=\"tel\" name=\"your-number\" \/><\/span>\n\t\t<\/p>\n\t<\/div>\n\t<div class=\"col-xs-12  col-lg-4\">\n\t\t<p><span class=\"wpcf7-form-control-wrap\" data-name=\"your-email\"><input size=\"40\" class=\"wpcf7-form-control wpcf7-email wpcf7-validates-as-required wpcf7-text wpcf7-validates-as-email form-control\" aria-required=\"true\" aria-invalid=\"false\" placeholder=\"E-mail*\" value=\"\" type=\"email\" name=\"your-email\" \/><\/span>\n\t\t<\/p>\n\t<\/div>\n\t<div class=\"col-xs-12\">\n\t\t<p><span class=\"wpcf7-form-control-wrap\" data-name=\"your-message\"><textarea cols=\"40\" rows=\"10\" class=\"wpcf7-form-control wpcf7-textarea form-control\" aria-invalid=\"false\" placeholder=\"Mensaje\" name=\"your-message\"><\/textarea><\/span><input class=\"wpcf7-form-control wpcf7-submit has-spinner btn btn-secondary\" type=\"submit\" value=\"Enviar Mensaje\" \/>\n\t\t<\/p>\n\t<\/div>\n<\/div><div class=\"wpcf7-response-output\" aria-hidden=\"true\"><\/div>\n<\/form>\n<\/div>\n\n<\/div>\n<\/div><\/div><\/div><\/div><\/div>","protected":false},"excerpt":{"rendered":"<p>Somos CEED \u00a1Estamos aqu\u00ed para ayudarte! Si tienes alguna pregunta, inquietud o necesitas programar una cita, no dudes en contactarnos. Puedes llamarnos, enviarnos un correo electr\u00f3nico o completar el formulario a continuaci\u00f3n. Nuestro equipo m\u00e9dico estar\u00e1 encantado de atenderte. \u00a1Gracias por confiar en nosotros!<\/p>\n","protected":false},"author":1,"featured_media":0,"parent":0,"menu_order":0,"comment_status":"closed","ping_status":"closed","template":"","meta":{"_acf_changed":false,"inline_featured_image":false,"footnotes":""},"acf":[],"yoast_head":"<!-- This site is optimized with the Yoast SEO plugin v22.2 - https:\/\/yoast.com\/wordpress\/plugins\/seo\/ -->\n<title>Contacto - CEED<\/title>\n<meta name=\"robots\" content=\"index, follow, max-snippet:-1, max-image-preview:large, max-video-preview:-1\" \/>\n<link rel=\"canonical\" href=\"https:\/\/centroceed.com\/index.php\/contacto\/\" \/>\n<meta property=\"og:locale\" content=\"es_ES\" \/>\n<meta property=\"og:type\" content=\"article\" \/>\n<meta property=\"og:title\" content=\"Contacto - CEED\" \/>\n<meta property=\"og:description\" content=\"Somos CEED \u00a1Estamos aqu\u00ed para ayudarte! Si tienes alguna pregunta, inquietud o necesitas programar una cita, no dudes en contactarnos. Puedes llamarnos, enviarnos un correo electr\u00f3nico o completar el formulario a continuaci\u00f3n. Nuestro equipo m\u00e9dico estar\u00e1 encantado de atenderte. \u00a1Gracias por confiar en nosotros!\" \/>\n<meta property=\"og:url\" content=\"https:\/\/centroceed.com\/index.php\/contacto\/\" \/>\n<meta property=\"og:site_name\" content=\"CEED\" \/>\n<meta property=\"article:publisher\" content=\"https:\/\/www.facebook.com\/p\/Centro-Especializado-de-Estudios-Digestivos-100063752154012\/\" \/>\n<meta property=\"article:modified_time\" content=\"2024-03-02T03:39:42+00:00\" \/>\n<meta property=\"og:image\" content=\"http:\/\/centroceed.com\/wp-content\/uploads\/2024\/03\/centro.jpg\" \/>\n<meta name=\"twitter:card\" content=\"summary_large_image\" \/>\n<script type=\"application\/ld+json\" class=\"yoast-schema-graph\">{\"@context\":\"https:\/\/schema.org\",\"@graph\":[{\"@type\":\"WebPage\",\"@id\":\"https:\/\/centroceed.com\/index.php\/contacto\/\",\"url\":\"https:\/\/centroceed.com\/index.php\/contacto\/\",\"name\":\"Contacto - CEED\",\"isPartOf\":{\"@id\":\"https:\/\/centroceed.com\/#website\"},\"primaryImageOfPage\":{\"@id\":\"https:\/\/centroceed.com\/index.php\/contacto\/#primaryimage\"},\"image\":{\"@id\":\"https:\/\/centroceed.com\/index.php\/contacto\/#primaryimage\"},\"thumbnailUrl\":\"http:\/\/centroceed.com\/wp-content\/uploads\/2024\/03\/centro.jpg\",\"datePublished\":\"2017-02-16T11:05:14+00:00\",\"dateModified\":\"2024-03-02T03:39:42+00:00\",\"breadcrumb\":{\"@id\":\"https:\/\/centroceed.com\/index.php\/contacto\/#breadcrumb\"},\"inLanguage\":\"es-DO\",\"potentialAction\":[{\"@type\":\"ReadAction\",\"target\":[\"https:\/\/centroceed.com\/index.php\/contacto\/\"]}]},{\"@type\":\"ImageObject\",\"inLanguage\":\"es-DO\",\"@id\":\"https:\/\/centroceed.com\/index.php\/contacto\/#primaryimage\",\"url\":\"https:\/\/centroceed.com\/wp-content\/uploads\/2024\/03\/centro.jpg\",\"contentUrl\":\"https:\/\/centroceed.com\/wp-content\/uploads\/2024\/03\/centro.jpg\",\"width\":860,\"height\":430},{\"@type\":\"BreadcrumbList\",\"@id\":\"https:\/\/centroceed.com\/index.php\/contacto\/#breadcrumb\",\"itemListElement\":[{\"@type\":\"ListItem\",\"position\":1,\"name\":\"Home\",\"item\":\"https:\/\/centroceed.com\/\"},{\"@type\":\"ListItem\",\"position\":2,\"name\":\"Contacto\"}]},{\"@type\":\"WebSite\",\"@id\":\"https:\/\/centroceed.com\/#website\",\"url\":\"https:\/\/centroceed.com\/\",\"name\":\"CEED - Centro Especializado en Estudios Digestivos\",\"description\":\"Centro Especializado en el Diagn\u00f3stico y Tratamiento de las Enfermedades Digestivas\",\"publisher\":{\"@id\":\"https:\/\/centroceed.com\/#organization\"},\"potentialAction\":[{\"@type\":\"SearchAction\",\"target\":{\"@type\":\"EntryPoint\",\"urlTemplate\":\"https:\/\/centroceed.com\/?s={search_term_string}\"},\"query-input\":\"required name=search_term_string\"}],\"inLanguage\":\"es-DO\"},{\"@type\":\"Organization\",\"@id\":\"https:\/\/centroceed.com\/#organization\",\"name\":\"CEED\",\"url\":\"https:\/\/centroceed.com\/\",\"logo\":{\"@type\":\"ImageObject\",\"inLanguage\":\"es-DO\",\"@id\":\"https:\/\/centroceed.com\/#\/schema\/logo\/image\/\",\"url\":\"https:\/\/centroceed.com\/wp-content\/uploads\/2024\/03\/logoceed.svg\",\"contentUrl\":\"https:\/\/centroceed.com\/wp-content\/uploads\/2024\/03\/logoceed.svg\",\"width\":326,\"height\":99,\"caption\":\"CEED\"},\"image\":{\"@id\":\"https:\/\/centroceed.com\/#\/schema\/logo\/image\/\"},\"sameAs\":[\"https:\/\/www.facebook.com\/p\/Centro-Especializado-de-Estudios-Digestivos-100063752154012\/\",\"https:\/\/www.instagram.com\/ceedrd\"]}]}<\/script>\n<!-- \/ Yoast SEO plugin. -->","yoast_head_json":{"title":"Contacto - CEED","robots":{"index":"index","follow":"follow","max-snippet":"max-snippet:-1","max-image-preview":"max-image-preview:large","max-video-preview":"max-video-preview:-1"},"canonical":"https:\/\/centroceed.com\/index.php\/contacto\/","og_locale":"es_ES","og_type":"article","og_title":"Contacto - CEED","og_description":"Somos CEED \u00a1Estamos aqu\u00ed para ayudarte! Si tienes alguna pregunta, inquietud o necesitas programar una cita, no dudes en contactarnos. Puedes llamarnos, enviarnos un correo electr\u00f3nico o completar el formulario a continuaci\u00f3n. Nuestro equipo m\u00e9dico estar\u00e1 encantado de atenderte. \u00a1Gracias por confiar en nosotros!","og_url":"https:\/\/centroceed.com\/index.php\/contacto\/","og_site_name":"CEED","article_publisher":"https:\/\/www.facebook.com\/p\/Centro-Especializado-de-Estudios-Digestivos-100063752154012\/","article_modified_time":"2024-03-02T03:39:42+00:00","og_image":[{"url":"http:\/\/centroceed.com\/wp-content\/uploads\/2024\/03\/centro.jpg"}],"twitter_card":"summary_large_image","schema":{"@context":"https:\/\/schema.org","@graph":[{"@type":"WebPage","@id":"https:\/\/centroceed.com\/index.php\/contacto\/","url":"https:\/\/centroceed.com\/index.php\/contacto\/","name":"Contacto - CEED","isPartOf":{"@id":"https:\/\/centroceed.com\/#website"},"primaryImageOfPage":{"@id":"https:\/\/centroceed.com\/index.php\/contacto\/#primaryimage"},"image":{"@id":"https:\/\/centroceed.com\/index.php\/contacto\/#primaryimage"},"thumbnailUrl":"http:\/\/centroceed.com\/wp-content\/uploads\/2024\/03\/centro.jpg","datePublished":"2017-02-16T11:05:14+00:00","dateModified":"2024-03-02T03:39:42+00:00","breadcrumb":{"@id":"https:\/\/centroceed.com\/index.php\/contacto\/#breadcrumb"},"inLanguage":"es-DO","potentialAction":[{"@type":"ReadAction","target":["https:\/\/centroceed.com\/index.php\/contacto\/"]}]},{"@type":"ImageObject","inLanguage":"es-DO","@id":"https:\/\/centroceed.com\/index.php\/contacto\/#primaryimage","url":"https:\/\/centroceed.com\/wp-content\/uploads\/2024\/03\/centro.jpg","contentUrl":"https:\/\/centroceed.com\/wp-content\/uploads\/2024\/03\/centro.jpg","width":860,"height":430},{"@type":"BreadcrumbList","@id":"https:\/\/centroceed.com\/index.php\/contacto\/#breadcrumb","itemListElement":[{"@type":"ListItem","position":1,"name":"Home","item":"https:\/\/centroceed.com\/"},{"@type":"ListItem","position":2,"name":"Contacto"}]},{"@type":"WebSite","@id":"https:\/\/centroceed.com\/#website","url":"https:\/\/centroceed.com\/","name":"CEED - Centro Especializado en Estudios Digestivos","description":"Centro Especializado en el Diagn\u00f3stico y Tratamiento de las Enfermedades Digestivas","publisher":{"@id":"https:\/\/centroceed.com\/#organization"},"potentialAction":[{"@type":"SearchAction","target":{"@type":"EntryPoint","urlTemplate":"https:\/\/centroceed.com\/?s={search_term_string}"},"query-input":"required name=search_term_string"}],"inLanguage":"es-DO"},{"@type":"Organization","@id":"https:\/\/centroceed.com\/#organization","name":"CEED","url":"https:\/\/centroceed.com\/","logo":{"@type":"ImageObject","inLanguage":"es-DO","@id":"https:\/\/centroceed.com\/#\/schema\/logo\/image\/","url":"https:\/\/centroceed.com\/wp-content\/uploads\/2024\/03\/logoceed.svg","contentUrl":"https:\/\/centroceed.com\/wp-content\/uploads\/2024\/03\/logoceed.svg","width":326,"height":99,"caption":"CEED"},"image":{"@id":"https:\/\/centroceed.com\/#\/schema\/logo\/image\/"},"sameAs":["https:\/\/www.facebook.com\/p\/Centro-Especializado-de-Estudios-Digestivos-100063752154012\/","https:\/\/www.instagram.com\/ceedrd"]}]}},"_links":{"self":[{"href":"https:\/\/centroceed.com\/index.php\/wp-json\/wp\/v2\/pages\/114"}],"collection":[{"href":"https:\/\/centroceed.com\/index.php\/wp-json\/wp\/v2\/pages"}],"about":[{"href":"https:\/\/centroceed.com\/index.php\/wp-json\/wp\/v2\/types\/page"}],"author":[{"embeddable":true,"href":"https:\/\/centroceed.com\/index.php\/wp-json\/wp\/v2\/users\/1"}],"replies":[{"embeddable":true,"href":"https:\/\/centroceed.com\/index.php\/wp-json\/wp\/v2\/comments?post=114"}],"version-history":[{"count":20,"href":"https:\/\/centroceed.com\/index.php\/wp-json\/wp\/v2\/pages\/114\/revisions"}],"predecessor-version":[{"id":1415,"href":"https:\/\/centroceed.com\/index.php\/wp-json\/wp\/v2\/pages\/114\/revisions\/1415"}],"wp:attachment":[{"href":"https:\/\/centroceed.com\/index.php\/wp-json\/wp\/v2\/media?parent=114"}],"curies":[{"name":"wp","href":"https:\/\/api.w.org\/{rel}","templated":true}]}}