{"id":119,"date":"2017-02-16T11:05:40","date_gmt":"2017-02-16T11:05:40","guid":{"rendered":"https:\/\/xml-io.proteusthemes.com\/medicpress\/?page_id=119"},"modified":"2024-03-14T22:20:59","modified_gmt":"2024-03-14T22:20:59","slug":"agendar-cita","status":"publish","type":"page","link":"https:\/\/centroceed.com\/index.php\/agendar-cita\/","title":{"rendered":"Agendar Cita"},"content":{"rendered":"<div id=\"pl-119\"  class=\"panel-layout\" ><div id=\"pg-119-0\"  class=\"panel-grid panel-has-style\" ><div class=\"siteorigin-panels-stretch panel-row-style panel-row-style-for-119-0\" data-stretch-type=\"full\" ><div id=\"pgc-119-0-0\"  class=\"panel-grid-cell\" ><div id=\"panel-119-0-0-0\" class=\"so-panel widget widget_sow-editor panel-first-child\" data-index=\"0\" ><div class=\"panel-widget-style panel-widget-style-for-119-0-0-0\" ><div\n\t\t\t\n\t\t\tclass=\"so-widget-sow-editor so-widget-sow-editor-base\"\n\t\t\t\n\t\t>\n<div class=\"siteorigin-widget-tinymce textwidget\">\n\t<p style=\"text-align: left\">Puedes reservar tu pr\u00f3xima cita m\u00e9dica completando el siguiente formulario. Nos comprometemos a brindarte atenci\u00f3n m\u00e9dica de calidad con la comodidad que mereces. <b>\u00a1Tu salud es nuestra prioridad!<\/b><\/p>\n<\/div>\n<\/div><\/div><\/div><div id=\"panel-119-0-0-1\" class=\"so-panel widget widget_sow-editor panel-last-child\" data-index=\"1\" ><div class=\"panel-widget-style panel-widget-style-for-119-0-0-1\" ><div\n\t\t\t\n\t\t\tclass=\"so-widget-sow-editor so-widget-sow-editor-base\"\n\t\t\t\n\t\t>\n<div class=\"siteorigin-widget-tinymce textwidget\">\n\t\n<div class=\"wpcf7 no-js\" id=\"wpcf7-f642-o1\" lang=\"en-US\" dir=\"ltr\">\n<div class=\"screen-reader-response\"><p role=\"status\" aria-live=\"polite\" aria-atomic=\"true\"><\/p> <ul><\/ul><\/div>\n<form action=\"\/index.php\/wp-json\/wp\/v2\/pages\/119#wpcf7-f642-o1\" method=\"post\" class=\"wpcf7-form init\" aria-label=\"Contact form\" novalidate=\"novalidate\" data-status=\"init\">\n<div style=\"display: none;\">\n<input type=\"hidden\" name=\"_wpcf7\" value=\"642\" \/>\n<input type=\"hidden\" name=\"_wpcf7_version\" value=\"5.9\" \/>\n<input type=\"hidden\" name=\"_wpcf7_locale\" value=\"en_US\" \/>\n<input type=\"hidden\" name=\"_wpcf7_unit_tag\" value=\"wpcf7-f642-o1\" \/>\n<input type=\"hidden\" name=\"_wpcf7_container_post\" value=\"0\" \/>\n<input type=\"hidden\" name=\"_wpcf7_posted_data_hash\" value=\"\" \/>\n<\/div>\n<div class=\"row\">\n\t<div class=\"col-xs-12  col-lg-4\">\n\t\t<p><span class=\"wpcf7-form-control-wrap\" data-name=\"your-name\"><input size=\"40\" class=\"wpcf7-form-control wpcf7-text wpcf7-validates-as-required form-control\" aria-required=\"true\" aria-invalid=\"false\" placeholder=\"Nombre y Apellido*\" value=\"\" type=\"text\" name=\"your-name\" \/><\/span>\n\t\t<\/p>\n\t<\/div>\n\t<div class=\"col-xs-12  col-lg-4\">\n\t\t<p><span class=\"wpcf7-form-control-wrap\" data-name=\"your-date\"><input size=\"40\" class=\"wpcf7-form-control wpcf7-text form-control\" aria-invalid=\"false\" placeholder=\"Fecha de Nacimiento\" value=\"\" type=\"text\" name=\"your-date\" \/><\/span>\n\t\t<\/p>\n\t<\/div>\n\t<div class=\"col-xs-12  col-lg-4\">\n\t\t<p><span class=\"wpcf7-form-control-wrap\" data-name=\"your-phone\"><input size=\"40\" class=\"wpcf7-form-control wpcf7-tel wpcf7-validates-as-required wpcf7-text wpcf7-validates-as-tel form-control\" aria-required=\"true\" aria-invalid=\"false\" placeholder=\"Tel\u00e9fono*\" value=\"\" type=\"tel\" name=\"your-phone\" \/><\/span>\n\t\t<\/p>\n\t<\/div>\n\t<div class=\"col-xs-12  col-lg-4\">\n\t\t<p><span class=\"wpcf7-form-control-wrap\" data-name=\"your-email\"><input size=\"40\" class=\"wpcf7-form-control wpcf7-email wpcf7-text wpcf7-validates-as-email form-control\" aria-invalid=\"false\" placeholder=\"E-mail\" value=\"\" type=\"email\" name=\"your-email\" \/><\/span>\n\t\t<\/p>\n\t<\/div>\n\t<div class=\"col-xs-12  col-lg-4\">\n\t\t<p><span class=\"wpcf7-form-control-wrap\" data-name=\"subject\"><input size=\"40\" class=\"wpcf7-form-control wpcf7-text form-control\" aria-invalid=\"false\" placeholder=\"Servicio\" value=\"\" type=\"text\" name=\"subject\" \/><\/span>\n\t\t<\/p>\n\t<\/div>\n\t<div class=\"col-xs-12  col-lg-4\">\n\t\t<p><span class=\"wpcf7-form-control-wrap\" data-name=\"doctor\"><input size=\"40\" class=\"wpcf7-form-control wpcf7-text form-control\" aria-invalid=\"false\" placeholder=\"Doctor\" value=\"\" type=\"text\" name=\"doctor\" \/><\/span>\n\t\t<\/p>\n\t<\/div>\n\t<div class=\"col-xs-12\">\n\t\t<p><span class=\"wpcf7-form-control-wrap\" data-name=\"your-message\"><textarea cols=\"40\" rows=\"10\" class=\"wpcf7-form-control wpcf7-textarea form-control\" aria-invalid=\"false\" placeholder=\"Mensaje\" name=\"your-message\"><\/textarea><\/span><input class=\"wpcf7-form-control wpcf7-submit has-spinner btn btn-secondary\" type=\"submit\" value=\"Agendar Cita\" \/>\n\t\t<\/p>\n\t<\/div>\n<\/div><div class=\"wpcf7-response-output\" aria-hidden=\"true\"><\/div>\n<\/form>\n<\/div>\n\n<\/div>\n<\/div><\/div><\/div><\/div><\/div><\/div><div id=\"pg-119-1\"  class=\"panel-grid panel-no-style\" ><div id=\"pgc-119-1-0\"  class=\"panel-grid-cell\" ><div id=\"panel-119-1-0-0\" class=\"so-panel widget widget_sow-editor panel-first-child panel-last-child\" data-index=\"2\" ><div\n\t\t\t\n\t\t\tclass=\"so-widget-sow-editor so-widget-sow-editor-base\"\n\t\t\t\n\t\t>\n<div class=\"siteorigin-widget-tinymce textwidget\">\n\t<h4>Seguros<\/h4>\n<p>Conoce nuestras ARS Alfiliadas<\/p>\n<\/div>\n<\/div><\/div><\/div><\/div><div id=\"pg-119-2\"  class=\"panel-grid panel-no-style\" ><div id=\"pgc-119-2-0\"  class=\"panel-grid-cell\" ><div id=\"panel-119-2-0-0\" class=\"so-panel widget widget_sow-image panel-first-child panel-last-child\" data-index=\"3\" ><div\n\t\t\t\n\t\t\tclass=\"so-widget-sow-image so-widget-sow-image-default-8b5b6f678277-119\"\n\t\t\t\n\t\t>\n\n<div class=\"sow-image-container\">\n\t\t\t<a href=\"https:\/\/wwseguros.com.do\"\n\t\t\ttarget=\"_blank\" rel=\"noopener noreferrer\" \t\t>\n\t\t\t<img fetchpriority=\"high\" decoding=\"async\" src=\"https:\/\/centroceed.com\/wp-content\/uploads\/2024\/03\/worldwideseguros.jpg\" width=\"580\" height=\"380\" srcset=\"https:\/\/centroceed.com\/wp-content\/uploads\/2024\/03\/worldwideseguros.jpg 580w, https:\/\/centroceed.com\/wp-content\/uploads\/2024\/03\/worldwideseguros-300x197.jpg 300w\" sizes=\"(max-width: 580px) 100vw, 580px\" alt=\"\" \t\tclass=\"so-widget-image\"\/>\n\t<\/a><\/div>\n\n<\/div><\/div><\/div><div id=\"pgc-119-2-1\"  class=\"panel-grid-cell\" ><div id=\"panel-119-2-1-0\" class=\"so-panel widget widget_sow-image panel-first-child panel-last-child\" data-index=\"4\" ><div\n\t\t\t\n\t\t\tclass=\"so-widget-sow-image so-widget-sow-image-default-8b5b6f678277-119\"\n\t\t\t\n\t\t>\n\n<div class=\"sow-image-container\">\n\t\t\t<a href=\"https:\/\/www.segurossura.com.do\"\n\t\t\ttarget=\"_blank\" rel=\"noopener noreferrer\" \t\t>\n\t\t\t<img decoding=\"async\" src=\"https:\/\/centroceed.com\/wp-content\/uploads\/2024\/03\/sura.jpg\" width=\"580\" height=\"380\" srcset=\"https:\/\/centroceed.com\/wp-content\/uploads\/2024\/03\/sura.jpg 580w, https:\/\/centroceed.com\/wp-content\/uploads\/2024\/03\/sura-300x197.jpg 300w\" sizes=\"(max-width: 580px) 100vw, 580px\" alt=\"\" \t\tclass=\"so-widget-image\"\/>\n\t<\/a><\/div>\n\n<\/div><\/div><\/div><div id=\"pgc-119-2-2\"  class=\"panel-grid-cell\" ><div id=\"panel-119-2-2-0\" class=\"so-panel widget widget_sow-image panel-first-child panel-last-child\" data-index=\"5\" ><div\n\t\t\t\n\t\t\tclass=\"so-widget-sow-image so-widget-sow-image-default-8b5b6f678277-119\"\n\t\t\t\n\t\t>\n\n<div class=\"sow-image-container\">\n\t\t\t<a href=\"https:\/\/www.arsyunen.com\"\n\t\t\ttarget=\"_blank\" rel=\"noopener noreferrer\" \t\t>\n\t\t\t<img decoding=\"async\" src=\"https:\/\/centroceed.com\/wp-content\/uploads\/2024\/03\/arsyunen.jpg\" width=\"580\" height=\"380\" srcset=\"https:\/\/centroceed.com\/wp-content\/uploads\/2024\/03\/arsyunen.jpg 580w, https:\/\/centroceed.com\/wp-content\/uploads\/2024\/03\/arsyunen-300x197.jpg 300w\" sizes=\"(max-width: 580px) 100vw, 580px\" alt=\"\" \t\tclass=\"so-widget-image\"\/>\n\t<\/a><\/div>\n\n<\/div><\/div><\/div><\/div><\/div>","protected":false},"excerpt":{"rendered":"<p>Puedes reservar tu pr\u00f3xima cita m\u00e9dica completando el siguiente formulario. Nos comprometemos a brindarte atenci\u00f3n m\u00e9dica de calidad con la comodidad que mereces. \u00a1Tu salud es nuestra prioridad! Seguros Conoce nuestras ARS Alfiliadas<\/p>\n","protected":false},"author":1,"featured_media":0,"parent":0,"menu_order":0,"comment_status":"closed","ping_status":"closed","template":"","meta":{"_acf_changed":false,"inline_featured_image":false,"footnotes":""},"acf":[],"yoast_head":"<!-- This site is optimized with the Yoast SEO plugin v22.2 - https:\/\/yoast.com\/wordpress\/plugins\/seo\/ -->\n<title>Agendar Cita - CEED<\/title>\n<meta name=\"robots\" content=\"index, follow, max-snippet:-1, max-image-preview:large, max-video-preview:-1\" \/>\n<link rel=\"canonical\" href=\"https:\/\/centroceed.com\/index.php\/agendar-cita\/\" \/>\n<meta property=\"og:locale\" content=\"es_ES\" \/>\n<meta property=\"og:type\" content=\"article\" \/>\n<meta property=\"og:title\" content=\"Agendar Cita - CEED\" \/>\n<meta property=\"og:description\" content=\"Puedes reservar tu pr\u00f3xima cita m\u00e9dica completando el siguiente formulario. Nos comprometemos a brindarte atenci\u00f3n m\u00e9dica de calidad con la comodidad que mereces. \u00a1Tu salud es nuestra prioridad! Seguros Conoce nuestras ARS Alfiliadas\" \/>\n<meta property=\"og:url\" content=\"https:\/\/centroceed.com\/index.php\/agendar-cita\/\" \/>\n<meta property=\"og:site_name\" content=\"CEED\" \/>\n<meta property=\"article:publisher\" content=\"https:\/\/www.facebook.com\/p\/Centro-Especializado-de-Estudios-Digestivos-100063752154012\/\" \/>\n<meta property=\"article:modified_time\" content=\"2024-03-14T22:20:59+00:00\" \/>\n<meta name=\"twitter:card\" content=\"summary_large_image\" \/>\n<meta name=\"twitter:label1\" content=\"Est. reading time\" \/>\n\t<meta name=\"twitter:data1\" content=\"1 minuto\" \/>\n<script type=\"application\/ld+json\" class=\"yoast-schema-graph\">{\"@context\":\"https:\/\/schema.org\",\"@graph\":[{\"@type\":\"WebPage\",\"@id\":\"https:\/\/centroceed.com\/index.php\/agendar-cita\/\",\"url\":\"https:\/\/centroceed.com\/index.php\/agendar-cita\/\",\"name\":\"Agendar Cita - CEED\",\"isPartOf\":{\"@id\":\"https:\/\/centroceed.com\/#website\"},\"datePublished\":\"2017-02-16T11:05:40+00:00\",\"dateModified\":\"2024-03-14T22:20:59+00:00\",\"breadcrumb\":{\"@id\":\"https:\/\/centroceed.com\/index.php\/agendar-cita\/#breadcrumb\"},\"inLanguage\":\"es-DO\",\"potentialAction\":[{\"@type\":\"ReadAction\",\"target\":[\"https:\/\/centroceed.com\/index.php\/agendar-cita\/\"]}]},{\"@type\":\"BreadcrumbList\",\"@id\":\"https:\/\/centroceed.com\/index.php\/agendar-cita\/#breadcrumb\",\"itemListElement\":[{\"@type\":\"ListItem\",\"position\":1,\"name\":\"Home\",\"item\":\"https:\/\/centroceed.com\/\"},{\"@type\":\"ListItem\",\"position\":2,\"name\":\"Agendar Cita\"}]},{\"@type\":\"WebSite\",\"@id\":\"https:\/\/centroceed.com\/#website\",\"url\":\"https:\/\/centroceed.com\/\",\"name\":\"CEED - Centro Especializado en Estudios Digestivos\",\"description\":\"Centro Especializado en el Diagn\u00f3stico y Tratamiento de las Enfermedades Digestivas\",\"publisher\":{\"@id\":\"https:\/\/centroceed.com\/#organization\"},\"potentialAction\":[{\"@type\":\"SearchAction\",\"target\":{\"@type\":\"EntryPoint\",\"urlTemplate\":\"https:\/\/centroceed.com\/?s={search_term_string}\"},\"query-input\":\"required name=search_term_string\"}],\"inLanguage\":\"es-DO\"},{\"@type\":\"Organization\",\"@id\":\"https:\/\/centroceed.com\/#organization\",\"name\":\"CEED\",\"url\":\"https:\/\/centroceed.com\/\",\"logo\":{\"@type\":\"ImageObject\",\"inLanguage\":\"es-DO\",\"@id\":\"https:\/\/centroceed.com\/#\/schema\/logo\/image\/\",\"url\":\"https:\/\/centroceed.com\/wp-content\/uploads\/2024\/03\/logoceed.svg\",\"contentUrl\":\"https:\/\/centroceed.com\/wp-content\/uploads\/2024\/03\/logoceed.svg\",\"width\":326,\"height\":99,\"caption\":\"CEED\"},\"image\":{\"@id\":\"https:\/\/centroceed.com\/#\/schema\/logo\/image\/\"},\"sameAs\":[\"https:\/\/www.facebook.com\/p\/Centro-Especializado-de-Estudios-Digestivos-100063752154012\/\",\"https:\/\/www.instagram.com\/ceedrd\"]}]}<\/script>\n<!-- \/ Yoast SEO plugin. -->","yoast_head_json":{"title":"Agendar Cita - CEED","robots":{"index":"index","follow":"follow","max-snippet":"max-snippet:-1","max-image-preview":"max-image-preview:large","max-video-preview":"max-video-preview:-1"},"canonical":"https:\/\/centroceed.com\/index.php\/agendar-cita\/","og_locale":"es_ES","og_type":"article","og_title":"Agendar Cita - CEED","og_description":"Puedes reservar tu pr\u00f3xima cita m\u00e9dica completando el siguiente formulario. Nos comprometemos a brindarte atenci\u00f3n m\u00e9dica de calidad con la comodidad que mereces. \u00a1Tu salud es nuestra prioridad! Seguros Conoce nuestras ARS Alfiliadas","og_url":"https:\/\/centroceed.com\/index.php\/agendar-cita\/","og_site_name":"CEED","article_publisher":"https:\/\/www.facebook.com\/p\/Centro-Especializado-de-Estudios-Digestivos-100063752154012\/","article_modified_time":"2024-03-14T22:20:59+00:00","twitter_card":"summary_large_image","twitter_misc":{"Est. reading time":"1 minuto"},"schema":{"@context":"https:\/\/schema.org","@graph":[{"@type":"WebPage","@id":"https:\/\/centroceed.com\/index.php\/agendar-cita\/","url":"https:\/\/centroceed.com\/index.php\/agendar-cita\/","name":"Agendar Cita - CEED","isPartOf":{"@id":"https:\/\/centroceed.com\/#website"},"datePublished":"2017-02-16T11:05:40+00:00","dateModified":"2024-03-14T22:20:59+00:00","breadcrumb":{"@id":"https:\/\/centroceed.com\/index.php\/agendar-cita\/#breadcrumb"},"inLanguage":"es-DO","potentialAction":[{"@type":"ReadAction","target":["https:\/\/centroceed.com\/index.php\/agendar-cita\/"]}]},{"@type":"BreadcrumbList","@id":"https:\/\/centroceed.com\/index.php\/agendar-cita\/#breadcrumb","itemListElement":[{"@type":"ListItem","position":1,"name":"Home","item":"https:\/\/centroceed.com\/"},{"@type":"ListItem","position":2,"name":"Agendar Cita"}]},{"@type":"WebSite","@id":"https:\/\/centroceed.com\/#website","url":"https:\/\/centroceed.com\/","name":"CEED - Centro Especializado en Estudios Digestivos","description":"Centro Especializado en el Diagn\u00f3stico y Tratamiento de las Enfermedades Digestivas","publisher":{"@id":"https:\/\/centroceed.com\/#organization"},"potentialAction":[{"@type":"SearchAction","target":{"@type":"EntryPoint","urlTemplate":"https:\/\/centroceed.com\/?s={search_term_string}"},"query-input":"required name=search_term_string"}],"inLanguage":"es-DO"},{"@type":"Organization","@id":"https:\/\/centroceed.com\/#organization","name":"CEED","url":"https:\/\/centroceed.com\/","logo":{"@type":"ImageObject","inLanguage":"es-DO","@id":"https:\/\/centroceed.com\/#\/schema\/logo\/image\/","url":"https:\/\/centroceed.com\/wp-content\/uploads\/2024\/03\/logoceed.svg","contentUrl":"https:\/\/centroceed.com\/wp-content\/uploads\/2024\/03\/logoceed.svg","width":326,"height":99,"caption":"CEED"},"image":{"@id":"https:\/\/centroceed.com\/#\/schema\/logo\/image\/"},"sameAs":["https:\/\/www.facebook.com\/p\/Centro-Especializado-de-Estudios-Digestivos-100063752154012\/","https:\/\/www.instagram.com\/ceedrd"]}]}},"_links":{"self":[{"href":"https:\/\/centroceed.com\/index.php\/wp-json\/wp\/v2\/pages\/119"}],"collection":[{"href":"https:\/\/centroceed.com\/index.php\/wp-json\/wp\/v2\/pages"}],"about":[{"href":"https:\/\/centroceed.com\/index.php\/wp-json\/wp\/v2\/types\/page"}],"author":[{"embeddable":true,"href":"https:\/\/centroceed.com\/index.php\/wp-json\/wp\/v2\/users\/1"}],"replies":[{"embeddable":true,"href":"https:\/\/centroceed.com\/index.php\/wp-json\/wp\/v2\/comments?post=119"}],"version-history":[{"count":19,"href":"https:\/\/centroceed.com\/index.php\/wp-json\/wp\/v2\/pages\/119\/revisions"}],"predecessor-version":[{"id":1777,"href":"https:\/\/centroceed.com\/index.php\/wp-json\/wp\/v2\/pages\/119\/revisions\/1777"}],"wp:attachment":[{"href":"https:\/\/centroceed.com\/index.php\/wp-json\/wp\/v2\/media?parent=119"}],"curies":[{"name":"wp","href":"https:\/\/api.w.org\/{rel}","templated":true}]}}