{"id":1269,"date":"2024-02-29T03:13:19","date_gmt":"2024-02-29T03:13:19","guid":{"rendered":"https:\/\/centroceed.com\/?page_id=1269"},"modified":"2024-02-29T04:01:21","modified_gmt":"2024-02-29T04:01:21","slug":"ceed","status":"publish","type":"page","link":"https:\/\/centroceed.com\/index.php\/ceed\/","title":{"rendered":"Nosotros"},"content":{"rendered":"<div id=\"pl-1269\"  class=\"panel-layout\" ><div id=\"pg-1269-0\"  class=\"panel-grid panel-no-style\" ><div id=\"pgc-1269-0-0\"  class=\"panel-grid-cell\" ><div id=\"panel-1269-0-0-0\" class=\"so-panel widget widget_sow-editor panel-first-child\" data-index=\"0\" ><div\n\t\t\t\n\t\t\tclass=\"so-widget-sow-editor so-widget-sow-editor-base\"\n\t\t\t\n\t\t><h3 class=\"widget-title\"><span class=\"widget-title__inline\">MISI\u00d3N <\/span><\/h3>\n<div class=\"siteorigin-widget-tinymce textwidget\">\n\t<p>Satisfacer las necesidades de salud de nuestros pacientes ofreci\u00e9ndole servicios de calidad y eficiencia. Brindar a todos nuestros pacientes la mejor atenci\u00f3n medica basada en la evidencia cient\u00edfica y contenido \u00e9tico,acompa\u00f1ando al paciente y su familia. Colaborar con la Educaci\u00f3n del paciente, su familia y la sociedad, brindando cuidado y promoci\u00f3n de actitudes saludables. Garantizar la revisi\u00f3n y actualizaci\u00f3n de los conocimientos, procesos, tecnolog\u00edas y estructuras, gestionando nuestros recursos con racionalidad econ\u00f3mica de forma transparente y honesta.<\/p>\n<\/div>\n<\/div><\/div><div id=\"panel-1269-0-0-1\" class=\"so-panel widget widget_sow-editor\" data-index=\"1\" ><div\n\t\t\t\n\t\t\tclass=\"so-widget-sow-editor so-widget-sow-editor-base\"\n\t\t\t\n\t\t>\n<div class=\"siteorigin-widget-tinymce textwidget\">\n\t<\/div>\n<\/div><\/div><div id=\"panel-1269-0-0-2\" class=\"so-panel widget widget_sow-editor\" data-index=\"2\" ><div\n\t\t\t\n\t\t\tclass=\"so-widget-sow-editor so-widget-sow-editor-base\"\n\t\t\t\n\t\t><h3 class=\"widget-title\"><span class=\"widget-title__inline\">VISI\u00d3N<\/span><\/h3>\n<div class=\"siteorigin-widget-tinymce textwidget\">\n\t<p>Crear y sostener un sistema integral de salud privada, que ofrezca un espacio de crecimiento y desarrollo profesional enfocado en la excelencia y calidez en la asistencia al paciente y su familia. Ser una Organizaci\u00f3n Modelo en Gesti\u00f3n y Asistencia en el cuidado de la Salud.<\/p>\n<\/div>\n<\/div><\/div><div id=\"panel-1269-0-0-3\" class=\"so-panel widget widget_sow-editor\" data-index=\"3\" ><div\n\t\t\t\n\t\t\tclass=\"so-widget-sow-editor so-widget-sow-editor-base\"\n\t\t\t\n\t\t>\n<div class=\"siteorigin-widget-tinymce textwidget\">\n\t<\/div>\n<\/div><\/div><div id=\"panel-1269-0-0-4\" class=\"so-panel widget widget_sow-editor\" data-index=\"4\" ><div\n\t\t\t\n\t\t\tclass=\"so-widget-sow-editor so-widget-sow-editor-base\"\n\t\t\t\n\t\t><h3 class=\"widget-title\"><span class=\"widget-title__inline\">VALORES<\/span><\/h3>\n<div class=\"siteorigin-widget-tinymce textwidget\">\n\t<\/div>\n<\/div><\/div><div id=\"panel-1269-0-0-5\" class=\"so-panel widget widget_sow-editor\" data-index=\"5\" ><div\n\t\t\t\n\t\t\tclass=\"so-widget-sow-editor so-widget-sow-editor-base\"\n\t\t\t\n\t\t>\n<div class=\"siteorigin-widget-tinymce textwidget\">\n\t<p><strong>Trabajo en equipo:<\/strong> Trabajar con un objetivo com\u00fan, respetando y valorando las diferentes opiniones, fortaleciendo las relaciones interpersonales y priorizando el \u00e9xito del equipo en beneficio del resultado por sobre el \u00e9xito individual.<\/p>\n<p><strong>Equidad: <\/strong>En la utilizaci\u00f3n de los recursos y servicios de la instituci\u00f3n sin distinci\u00f3n de edad, g\u00e9nero, grupo social, ideolog\u00eda y credo, estado de salud o enfermedad.<\/p>\n<p><strong>Responsabilidad: <\/strong>Construir las tareas orientadas al logro de los mejores resultados. Asumir un rol activo en la labor diaria tanto en la cl\u00ednica como dentro de la sociedad<\/p>\n<p><strong>\u00c9tica: <\/strong>Mantener una conducta transparente, honesta y ocupada por el confort de todas las personas con las que interactuamos.<\/p>\n<p><strong>Compromiso: <\/strong>Desarrollar todas las tareas, enfocando el esfuerzo en brindar atenci\u00f3n de calidad a nuestros pacientes y su familia.<\/p>\n<p><strong>Eficiencia: <\/strong>Lograr los objetivos utilizando procesos y m\u00e9todos de trabajo que optimicen el desempe\u00f1o y calidad del servicio.<\/p>\n<\/div>\n<\/div><\/div><div id=\"panel-1269-0-0-6\" class=\"so-panel widget widget_sow-editor panel-last-child\" data-index=\"6\" ><div\n\t\t\t\n\t\t\tclass=\"so-widget-sow-editor so-widget-sow-editor-base\"\n\t\t\t\n\t\t>\n<div class=\"siteorigin-widget-tinymce textwidget\">\n\t<\/div>\n<\/div><\/div><\/div><\/div><\/div>","protected":false},"excerpt":{"rendered":"<p>Satisfacer las necesidades de salud de nuestros pacientes ofreci\u00e9ndole servicios de calidad y eficiencia. Brindar a todos nuestros pacientes la mejor atenci\u00f3n medica basada en la evidencia cient\u00edfica y contenido \u00e9tico,acompa\u00f1ando al paciente y su familia. Colaborar con la Educaci\u00f3n del paciente, su familia y la sociedad, brindando cuidado y promoci\u00f3n de actitudes saludables. Garantizar &hellip;<\/p>\n","protected":false},"author":1,"featured_media":0,"parent":0,"menu_order":0,"comment_status":"closed","ping_status":"closed","template":"","meta":{"_acf_changed":false,"inline_featured_image":false,"footnotes":""},"acf":[],"yoast_head":"<!-- This site is optimized with the Yoast SEO plugin v22.2 - https:\/\/yoast.com\/wordpress\/plugins\/seo\/ -->\n<title>Nosotros - CEED<\/title>\n<meta name=\"robots\" content=\"index, follow, max-snippet:-1, max-image-preview:large, max-video-preview:-1\" \/>\n<link rel=\"canonical\" href=\"https:\/\/centroceed.com\/index.php\/ceed\/\" \/>\n<meta property=\"og:locale\" content=\"es_ES\" \/>\n<meta property=\"og:type\" content=\"article\" \/>\n<meta property=\"og:title\" content=\"Nosotros - CEED\" \/>\n<meta property=\"og:description\" content=\"Satisfacer las necesidades de salud de nuestros pacientes ofreci\u00e9ndole servicios de calidad y eficiencia. Brindar a todos nuestros pacientes la mejor atenci\u00f3n medica basada en la evidencia cient\u00edfica y contenido \u00e9tico,acompa\u00f1ando al paciente y su familia. Colaborar con la Educaci\u00f3n del paciente, su familia y la sociedad, brindando cuidado y promoci\u00f3n de actitudes saludables. Garantizar &hellip;\" \/>\n<meta property=\"og:url\" content=\"https:\/\/centroceed.com\/index.php\/ceed\/\" \/>\n<meta property=\"og:site_name\" content=\"CEED\" \/>\n<meta property=\"article:publisher\" content=\"https:\/\/www.facebook.com\/p\/Centro-Especializado-de-Estudios-Digestivos-100063752154012\/\" \/>\n<meta property=\"article:modified_time\" content=\"2024-02-29T04:01:21+00:00\" \/>\n<meta name=\"twitter:card\" content=\"summary_large_image\" \/>\n<meta name=\"twitter:label1\" content=\"Est. reading time\" \/>\n\t<meta name=\"twitter:data1\" content=\"1 minuto\" \/>\n<script type=\"application\/ld+json\" class=\"yoast-schema-graph\">{\"@context\":\"https:\/\/schema.org\",\"@graph\":[{\"@type\":\"WebPage\",\"@id\":\"https:\/\/centroceed.com\/index.php\/ceed\/\",\"url\":\"https:\/\/centroceed.com\/index.php\/ceed\/\",\"name\":\"Nosotros - CEED\",\"isPartOf\":{\"@id\":\"https:\/\/centroceed.com\/#website\"},\"datePublished\":\"2024-02-29T03:13:19+00:00\",\"dateModified\":\"2024-02-29T04:01:21+00:00\",\"breadcrumb\":{\"@id\":\"https:\/\/centroceed.com\/index.php\/ceed\/#breadcrumb\"},\"inLanguage\":\"es-DO\",\"potentialAction\":[{\"@type\":\"ReadAction\",\"target\":[\"https:\/\/centroceed.com\/index.php\/ceed\/\"]}]},{\"@type\":\"BreadcrumbList\",\"@id\":\"https:\/\/centroceed.com\/index.php\/ceed\/#breadcrumb\",\"itemListElement\":[{\"@type\":\"ListItem\",\"position\":1,\"name\":\"Home\",\"item\":\"https:\/\/centroceed.com\/\"},{\"@type\":\"ListItem\",\"position\":2,\"name\":\"Nosotros\"}]},{\"@type\":\"WebSite\",\"@id\":\"https:\/\/centroceed.com\/#website\",\"url\":\"https:\/\/centroceed.com\/\",\"name\":\"CEED - Centro Especializado en Estudios Digestivos\",\"description\":\"Centro Especializado en el Diagn\u00f3stico y Tratamiento de las Enfermedades Digestivas\",\"publisher\":{\"@id\":\"https:\/\/centroceed.com\/#organization\"},\"potentialAction\":[{\"@type\":\"SearchAction\",\"target\":{\"@type\":\"EntryPoint\",\"urlTemplate\":\"https:\/\/centroceed.com\/?s={search_term_string}\"},\"query-input\":\"required name=search_term_string\"}],\"inLanguage\":\"es-DO\"},{\"@type\":\"Organization\",\"@id\":\"https:\/\/centroceed.com\/#organization\",\"name\":\"CEED\",\"url\":\"https:\/\/centroceed.com\/\",\"logo\":{\"@type\":\"ImageObject\",\"inLanguage\":\"es-DO\",\"@id\":\"https:\/\/centroceed.com\/#\/schema\/logo\/image\/\",\"url\":\"https:\/\/centroceed.com\/wp-content\/uploads\/2024\/03\/logoceed.svg\",\"contentUrl\":\"https:\/\/centroceed.com\/wp-content\/uploads\/2024\/03\/logoceed.svg\",\"width\":326,\"height\":99,\"caption\":\"CEED\"},\"image\":{\"@id\":\"https:\/\/centroceed.com\/#\/schema\/logo\/image\/\"},\"sameAs\":[\"https:\/\/www.facebook.com\/p\/Centro-Especializado-de-Estudios-Digestivos-100063752154012\/\",\"https:\/\/www.instagram.com\/ceedrd\"]}]}<\/script>\n<!-- \/ Yoast SEO plugin. -->","yoast_head_json":{"title":"Nosotros - CEED","robots":{"index":"index","follow":"follow","max-snippet":"max-snippet:-1","max-image-preview":"max-image-preview:large","max-video-preview":"max-video-preview:-1"},"canonical":"https:\/\/centroceed.com\/index.php\/ceed\/","og_locale":"es_ES","og_type":"article","og_title":"Nosotros - CEED","og_description":"Satisfacer las necesidades de salud de nuestros pacientes ofreci\u00e9ndole servicios de calidad y eficiencia. Brindar a todos nuestros pacientes la mejor atenci\u00f3n medica basada en la evidencia cient\u00edfica y contenido \u00e9tico,acompa\u00f1ando al paciente y su familia. Colaborar con la Educaci\u00f3n del paciente, su familia y la sociedad, brindando cuidado y promoci\u00f3n de actitudes saludables. Garantizar &hellip;","og_url":"https:\/\/centroceed.com\/index.php\/ceed\/","og_site_name":"CEED","article_publisher":"https:\/\/www.facebook.com\/p\/Centro-Especializado-de-Estudios-Digestivos-100063752154012\/","article_modified_time":"2024-02-29T04:01:21+00:00","twitter_card":"summary_large_image","twitter_misc":{"Est. reading time":"1 minuto"},"schema":{"@context":"https:\/\/schema.org","@graph":[{"@type":"WebPage","@id":"https:\/\/centroceed.com\/index.php\/ceed\/","url":"https:\/\/centroceed.com\/index.php\/ceed\/","name":"Nosotros - CEED","isPartOf":{"@id":"https:\/\/centroceed.com\/#website"},"datePublished":"2024-02-29T03:13:19+00:00","dateModified":"2024-02-29T04:01:21+00:00","breadcrumb":{"@id":"https:\/\/centroceed.com\/index.php\/ceed\/#breadcrumb"},"inLanguage":"es-DO","potentialAction":[{"@type":"ReadAction","target":["https:\/\/centroceed.com\/index.php\/ceed\/"]}]},{"@type":"BreadcrumbList","@id":"https:\/\/centroceed.com\/index.php\/ceed\/#breadcrumb","itemListElement":[{"@type":"ListItem","position":1,"name":"Home","item":"https:\/\/centroceed.com\/"},{"@type":"ListItem","position":2,"name":"Nosotros"}]},{"@type":"WebSite","@id":"https:\/\/centroceed.com\/#website","url":"https:\/\/centroceed.com\/","name":"CEED - Centro Especializado en Estudios Digestivos","description":"Centro Especializado en el Diagn\u00f3stico y Tratamiento de las Enfermedades Digestivas","publisher":{"@id":"https:\/\/centroceed.com\/#organization"},"potentialAction":[{"@type":"SearchAction","target":{"@type":"EntryPoint","urlTemplate":"https:\/\/centroceed.com\/?s={search_term_string}"},"query-input":"required name=search_term_string"}],"inLanguage":"es-DO"},{"@type":"Organization","@id":"https:\/\/centroceed.com\/#organization","name":"CEED","url":"https:\/\/centroceed.com\/","logo":{"@type":"ImageObject","inLanguage":"es-DO","@id":"https:\/\/centroceed.com\/#\/schema\/logo\/image\/","url":"https:\/\/centroceed.com\/wp-content\/uploads\/2024\/03\/logoceed.svg","contentUrl":"https:\/\/centroceed.com\/wp-content\/uploads\/2024\/03\/logoceed.svg","width":326,"height":99,"caption":"CEED"},"image":{"@id":"https:\/\/centroceed.com\/#\/schema\/logo\/image\/"},"sameAs":["https:\/\/www.facebook.com\/p\/Centro-Especializado-de-Estudios-Digestivos-100063752154012\/","https:\/\/www.instagram.com\/ceedrd"]}]}},"_links":{"self":[{"href":"https:\/\/centroceed.com\/index.php\/wp-json\/wp\/v2\/pages\/1269"}],"collection":[{"href":"https:\/\/centroceed.com\/index.php\/wp-json\/wp\/v2\/pages"}],"about":[{"href":"https:\/\/centroceed.com\/index.php\/wp-json\/wp\/v2\/types\/page"}],"author":[{"embeddable":true,"href":"https:\/\/centroceed.com\/index.php\/wp-json\/wp\/v2\/users\/1"}],"replies":[{"embeddable":true,"href":"https:\/\/centroceed.com\/index.php\/wp-json\/wp\/v2\/comments?post=1269"}],"version-history":[{"count":4,"href":"https:\/\/centroceed.com\/index.php\/wp-json\/wp\/v2\/pages\/1269\/revisions"}],"predecessor-version":[{"id":1280,"href":"https:\/\/centroceed.com\/index.php\/wp-json\/wp\/v2\/pages\/1269\/revisions\/1280"}],"wp:attachment":[{"href":"https:\/\/centroceed.com\/index.php\/wp-json\/wp\/v2\/media?parent=1269"}],"curies":[{"name":"wp","href":"https:\/\/api.w.org\/{rel}","templated":true}]}}