{"id":1425,"date":"2024-03-02T04:38:28","date_gmt":"2024-03-02T04:38:28","guid":{"rendered":"https:\/\/centroceed.com\/?page_id=1425"},"modified":"2024-03-20T18:12:52","modified_gmt":"2024-03-20T18:12:52","slug":"estudios-de-imagen","status":"publish","type":"page","link":"https:\/\/centroceed.com\/index.php\/servicios\/estudios-de-imagen\/","title":{"rendered":"Estudios de Imagen"},"content":{"rendered":"<div id=\"pl-1425\"  class=\"panel-layout\" ><div id=\"pg-1425-0\"  class=\"panel-grid panel-no-style\" ><div id=\"pgc-1425-0-0\"  class=\"panel-grid-cell\" ><div id=\"panel-1425-0-0-0\" class=\"so-panel widget widget_sow-editor panel-first-child panel-last-child\" data-index=\"0\" ><div class=\"panel-widget-style panel-widget-style-for-1425-0-0-0\" ><div\n\t\t\t\n\t\t\tclass=\"so-widget-sow-editor so-widget-sow-editor-base\"\n\t\t\t\n\t\t>\n<div class=\"siteorigin-widget-tinymce textwidget\">\n\t<p><img fetchpriority=\"high\" fetchpriority=\"high\" decoding=\"async\" class=\"alignnone wp-image-1612 size-full\" src=\"https:\/\/centroceed.com\/wp-content\/uploads\/2024\/03\/imagen2.jpg\" alt=\"\" width=\"860\" height=\"430\" srcset=\"https:\/\/centroceed.com\/wp-content\/uploads\/2024\/03\/imagen2.jpg 860w, https:\/\/centroceed.com\/wp-content\/uploads\/2024\/03\/imagen2-300x150.jpg 300w, https:\/\/centroceed.com\/wp-content\/uploads\/2024\/03\/imagen2-768x384.jpg 768w, https:\/\/centroceed.com\/wp-content\/uploads\/2024\/03\/imagen2-350x175.jpg 350w\" sizes=\"(max-width: 860px) 100vw, 860px\" \/><\/p>\n<\/div>\n<\/div><\/div><\/div><\/div><div id=\"pgc-1425-0-1\"  class=\"panel-grid-cell\" ><div id=\"panel-1425-0-1-0\" class=\"so-panel widget widget_sow-editor panel-first-child panel-last-child\" data-index=\"1\" ><div\n\t\t\t\n\t\t\tclass=\"so-widget-sow-editor so-widget-sow-editor-base\"\n\t\t\t\n\t\t>\n<div class=\"siteorigin-widget-tinymce textwidget\">\n\t<p>&nbsp;<\/p>\n<ul>\n<li>Sonograf\u00edas: abdominal, p\u00e9lvica, tiroides, sono mamograf\u00eda,<br \/>\nvesico prost\u00e1tica, partes blandas.<span class=\"Apple-converted-space\">\u00a0<\/span><\/li>\n<li>Doppler carotideo, miembros inferiores arterial y venoso.<\/li>\n<li>Elastograf\u00eda Hep\u00e1tica (FibroScan).<span class=\"Apple-converted-space\">\u00a0<\/span><\/li>\n<li>Electro cardiograma (EKG).<\/li>\n<\/ul>\n<\/div>\n<\/div><\/div><\/div><\/div><div id=\"pg-1425-1\"  class=\"panel-grid panel-no-style\" ><div id=\"pgc-1425-1-0\"  class=\"panel-grid-cell\" ><div id=\"panel-1425-1-0-0\" class=\"so-panel widget widget_sow-editor panel-first-child panel-last-child\" data-index=\"2\" ><div\n\t\t\t\n\t\t\tclass=\"so-widget-sow-editor so-widget-sow-editor-base\"\n\t\t\t\n\t\t>\n<div class=\"siteorigin-widget-tinymce textwidget\">\n\t<\/div>\n<\/div><\/div><\/div><\/div><div id=\"pg-1425-2\"  class=\"panel-grid panel-no-style\" ><div id=\"pgc-1425-2-0\"  class=\"panel-grid-cell\" ><div id=\"panel-1425-2-0-0\" class=\"so-panel widget widget_sow-editor panel-first-child panel-last-child\" data-index=\"3\" ><div\n\t\t\t\n\t\t\tclass=\"so-widget-sow-editor so-widget-sow-editor-base\"\n\t\t\t\n\t\t>\n<div class=\"siteorigin-widget-tinymce textwidget\">\n\t<p>&nbsp;<\/p>\n<p><b><br \/>\nPreparaci\u00f3n para la prueba:<\/b><\/p>\n<ul>\n<li>Debe tener 6 horas de ayuno. No puede haber tomada agua.<\/li>\n<li>No puede estar tomando antibi\u00f3ticos al menos 1 mes antes de la prueba.<\/li>\n<li>No puede estar tomando medicamentos para el estomago<span class=\"Apple-converted-space\">\u00a0 <\/span>como omeprazol dos semanas antes de la prueba.<\/li>\n<li>No puede estar tomando ning\u00fan producto que contenga bismuto como el pepto bismol<span class=\"Apple-converted-space\">\u00a0 <\/span>al menos 2 semanas antes de la prueba.<span class=\"Apple-converted-space\">\u00a0<\/span><\/li>\n<li>No puede realizarse la prueba si esta embarazada.<\/li>\n<\/ul>\n<p><b>** Favor confirmar su cita 24 horas antes del estudio**<\/b><\/p>\n<p>&nbsp;<\/p>\n<\/div>\n<\/div><\/div><\/div><\/div><div id=\"pg-1425-3\"  class=\"panel-grid panel-no-style\" ><div id=\"pgc-1425-3-0\"  class=\"panel-grid-cell\" ><div id=\"panel-1425-3-0-0\" class=\"so-panel widget widget_sow-editor panel-first-child panel-last-child\" data-index=\"4\" ><div\n\t\t\t\n\t\t\tclass=\"so-widget-sow-editor so-widget-sow-editor-base\"\n\t\t\t\n\t\t>\n<div class=\"siteorigin-widget-tinymce textwidget\">\n\t<h5><\/h5>\n<h5><b>FIBROSCAN<\/b><\/h5>\n<p>Tecnolog\u00eda avanzada para el Diagn\u00f3stico de Enfermedades Hep\u00e1ticas<\/p>\n<p><b>\u00bfQu\u00e9 es FibroScan?<\/b><\/p>\n<p>FibroScan es un dispositivo m\u00e9dico que utiliza la elastograf\u00eda de transici\u00f3n para medir la rigidez del h\u00edgado. Esta t\u00e9cnica no invasiva se basa en el principio de que la rigidez hep\u00e1tica est\u00e1 estrechamente relacionada con la presencia y severidad de enfermedades hep\u00e1ticas.<\/p>\n<\/div>\n<\/div><\/div><\/div><\/div><div id=\"pg-1425-4\"  class=\"panel-grid panel-no-style\" ><div id=\"pgc-1425-4-0\"  class=\"panel-grid-cell\" ><div id=\"panel-1425-4-0-0\" class=\"so-panel widget widget_sow-editor panel-first-child panel-last-child\" data-index=\"5\" ><div\n\t\t\t\n\t\t\tclass=\"so-widget-sow-editor so-widget-sow-editor-base\"\n\t\t\t\n\t\t>\n<div class=\"siteorigin-widget-tinymce textwidget\">\n\t<p><b>\u00bfC\u00f3mo funciona?<\/b><\/p>\n<p>El paciente debe acudir en ayunas y sin fumar desde 3 horas antes del estudio.<\/p>\n<p>Durante un examen de FibroScan, el paciente se recuesta boca arriba mientras el m\u00e9dico coloca una sonda sobre la piel en la regi\u00f3n del h\u00edgado. A trav\u00e9s de pulsos de ultrasonido, el dispositivo mide la velocidad de propagaci\u00f3n de las ondas de ultrasonido a trav\u00e9s del h\u00edgado. Esta velocidad se correlaciona directamente con la rigidez del tejido hep\u00e1tico.<\/p>\n<p>&nbsp;<\/p>\n<\/div>\n<\/div><\/div><\/div><div id=\"pgc-1425-4-1\"  class=\"panel-grid-cell\" ><div id=\"panel-1425-4-1-0\" class=\"so-panel widget widget_sow-editor panel-first-child panel-last-child\" data-index=\"6\" ><div class=\"panel-widget-style panel-widget-style-for-1425-4-1-0\" ><div\n\t\t\t\n\t\t\tclass=\"so-widget-sow-editor so-widget-sow-editor-base\"\n\t\t\t\n\t\t>\n<div class=\"siteorigin-widget-tinymce textwidget\">\n\t<p><img decoding=\"async\" class=\"alignnone wp-image-1793 size-full\" src=\"https:\/\/centroceed.com\/wp-content\/uploads\/2024\/03\/fibroscan.jpg\" alt=\"\" width=\"860\" height=\"430\" srcset=\"https:\/\/centroceed.com\/wp-content\/uploads\/2024\/03\/fibroscan.jpg 860w, https:\/\/centroceed.com\/wp-content\/uploads\/2024\/03\/fibroscan-300x150.jpg 300w, https:\/\/centroceed.com\/wp-content\/uploads\/2024\/03\/fibroscan-768x384.jpg 768w, https:\/\/centroceed.com\/wp-content\/uploads\/2024\/03\/fibroscan-350x175.jpg 350w\" sizes=\"(max-width: 860px) 100vw, 860px\" \/><\/p>\n<\/div>\n<\/div><\/div><\/div><\/div><\/div><div id=\"pg-1425-5\"  class=\"panel-grid panel-no-style\" ><div id=\"pgc-1425-5-0\"  class=\"panel-grid-cell\" ><div id=\"panel-1425-5-0-0\" class=\"so-panel widget widget_sow-editor panel-first-child panel-last-child\" data-index=\"7\" ><div\n\t\t\t\n\t\t\tclass=\"so-widget-sow-editor so-widget-sow-editor-base\"\n\t\t\t\n\t\t>\n<div class=\"siteorigin-widget-tinymce textwidget\">\n\t<p>&nbsp;<\/p>\n<p><b>Beneficios de FibroScan:<\/b><\/p>\n<p>- <b>No invasivo:<\/b> A diferencia de las biopsias hep\u00e1ticas, FibroScan no requiere la inserci\u00f3n de agujas en el cuerpo.<\/p>\n<p>- <b>R\u00e1pido:<\/b> Los resultados son inmediatos, lo que permite un diagn\u00f3stico m\u00e1s r\u00e1pido y preciso.<\/p>\n<p>- <b>Preciso:<\/b> Proporciona mediciones objetivas y reproducibles de la rigidez hep\u00e1tica.<\/p>\n<p>- <b>Seguro:<\/b> Es un procedimiento seguro y bien tolerado por la mayor\u00eda de los pacientes.<\/p>\n<p>&nbsp;<\/p>\n<p><b>Aplicaciones Cl\u00ednicas:<\/b><\/p>\n<p>- Diagn\u00f3stico y Estadificaci\u00f3n de la Cirrosis Hep\u00e1tica.<\/p>\n<p>- Evaluaci\u00f3n de la Fibrosis Hep\u00e1tica en pacientes con hepatitis B y hepatitis C cr\u00f3nica.<\/p>\n<p>- Monitoreo de la progresi\u00f3n de la enfermedad hep\u00e1tica en pacientes con h\u00edgado graso u otras enfermedades hep\u00e1ticas cr\u00f3nicas.<\/p>\n<p>- Esteatosis o herfemedad hep\u00e1tica alcoh\u00f3lica<\/p>\n<p>- Hepatitis autoinmune<\/p>\n<p>- Cirrosis biliar primaria<span class=\"Apple-converted-space\">\u00a0<\/span><\/p>\n<p>- Colangitis esclerosante primaria<span class=\"Apple-converted-space\">\u00a0<\/span><\/p>\n<p>&nbsp;<\/p>\n<p><b>\u00bfExiste alguna contraindicaci\u00f3n para realizar el fribroscan?<\/b><\/p>\n<p>El fibroscan est\u00e1 contraindicado en pacientes embarazadas y en pacientes portadores de marcapasos y\/o desfibrilador cardiaco u otros dispositivos. En el caso de presentar ascitis (liquido en cavidad abdominal) ya que podr\u00eda impedir la obtenci\u00f3n de mediciones validas.<\/p>\n<p>&nbsp;<\/p>\n<p><b>Conclusi\u00f3n: <\/b><\/p>\n<p>FibroScan representa un avance significativo en el diagn\u00f3stico y manejo de enfermedades hep\u00e1ticas. Al proporcionar mediciones r\u00e1pidas, precisas y no invasivas de la rigidez hep\u00e1tica, este dispositivo ayuda a los m\u00e9dicos a tomar decisiones informadas sobre el tratamiento y el seguimiento de pacientes con enfermedades hep\u00e1ticas cr\u00f3nicas.<\/p>\n<p>&nbsp;<\/p>\n<\/div>\n<\/div><\/div><\/div><\/div><\/div>","protected":false},"excerpt":{"rendered":"<p>Sonograf\u00edas: abdominal, p\u00e9lvica, tiroides, sono mamograf\u00eda, vesico prost\u00e1tica, partes blandas. Doppler carotideo, miembros inferiores arterial y venoso. Elastograf\u00eda Hep\u00e1tica (FibroScan). Electro cardiograma (EKG).<\/p>\n","protected":false},"author":3,"featured_media":1612,"parent":116,"menu_order":0,"comment_status":"closed","ping_status":"closed","template":"","meta":{"_acf_changed":false,"inline_featured_image":false,"footnotes":""},"acf":[],"yoast_head":"<!-- This site is optimized with the Yoast SEO plugin v22.2 - https:\/\/yoast.com\/wordpress\/plugins\/seo\/ -->\n<title>Estudios de Imagen - CEED<\/title>\n<meta name=\"robots\" content=\"index, follow, max-snippet:-1, max-image-preview:large, max-video-preview:-1\" \/>\n<link rel=\"canonical\" href=\"https:\/\/centroceed.com\/index.php\/servicios\/estudios-de-imagen\/\" \/>\n<meta property=\"og:locale\" content=\"es_ES\" \/>\n<meta property=\"og:type\" content=\"article\" \/>\n<meta property=\"og:title\" content=\"Estudios de Imagen - CEED\" \/>\n<meta property=\"og:description\" content=\"Sonograf\u00edas: abdominal, p\u00e9lvica, tiroides, sono mamograf\u00eda, vesico prost\u00e1tica, partes blandas. Doppler carotideo, miembros inferiores arterial y venoso. Elastograf\u00eda Hep\u00e1tica (FibroScan). Electro cardiograma (EKG).\" \/>\n<meta property=\"og:url\" content=\"https:\/\/centroceed.com\/index.php\/servicios\/estudios-de-imagen\/\" \/>\n<meta property=\"og:site_name\" content=\"CEED\" \/>\n<meta property=\"article:publisher\" content=\"https:\/\/www.facebook.com\/p\/Centro-Especializado-de-Estudios-Digestivos-100063752154012\/\" \/>\n<meta property=\"article:modified_time\" content=\"2024-03-20T18:12:52+00:00\" \/>\n<meta property=\"og:image\" content=\"https:\/\/centroceed.com\/wp-content\/uploads\/2024\/03\/imagen2.jpg\" \/>\n\t<meta property=\"og:image:width\" content=\"860\" \/>\n\t<meta property=\"og:image:height\" content=\"430\" \/>\n\t<meta property=\"og:image:type\" content=\"image\/jpeg\" \/>\n<meta name=\"twitter:card\" content=\"summary_large_image\" \/>\n<meta name=\"twitter:label1\" content=\"Est. reading time\" \/>\n\t<meta name=\"twitter:data1\" content=\"3 minutos\" \/>\n<script type=\"application\/ld+json\" class=\"yoast-schema-graph\">{\"@context\":\"https:\/\/schema.org\",\"@graph\":[{\"@type\":\"WebPage\",\"@id\":\"https:\/\/centroceed.com\/index.php\/servicios\/estudios-de-imagen\/\",\"url\":\"https:\/\/centroceed.com\/index.php\/servicios\/estudios-de-imagen\/\",\"name\":\"Estudios de Imagen - CEED\",\"isPartOf\":{\"@id\":\"https:\/\/centroceed.com\/#website\"},\"primaryImageOfPage\":{\"@id\":\"https:\/\/centroceed.com\/index.php\/servicios\/estudios-de-imagen\/#primaryimage\"},\"image\":{\"@id\":\"https:\/\/centroceed.com\/index.php\/servicios\/estudios-de-imagen\/#primaryimage\"},\"thumbnailUrl\":\"https:\/\/centroceed.com\/wp-content\/uploads\/2024\/03\/imagen2.jpg\",\"datePublished\":\"2024-03-02T04:38:28+00:00\",\"dateModified\":\"2024-03-20T18:12:52+00:00\",\"breadcrumb\":{\"@id\":\"https:\/\/centroceed.com\/index.php\/servicios\/estudios-de-imagen\/#breadcrumb\"},\"inLanguage\":\"es-DO\",\"potentialAction\":[{\"@type\":\"ReadAction\",\"target\":[\"https:\/\/centroceed.com\/index.php\/servicios\/estudios-de-imagen\/\"]}]},{\"@type\":\"ImageObject\",\"inLanguage\":\"es-DO\",\"@id\":\"https:\/\/centroceed.com\/index.php\/servicios\/estudios-de-imagen\/#primaryimage\",\"url\":\"https:\/\/centroceed.com\/wp-content\/uploads\/2024\/03\/imagen2.jpg\",\"contentUrl\":\"https:\/\/centroceed.com\/wp-content\/uploads\/2024\/03\/imagen2.jpg\",\"width\":860,\"height\":430},{\"@type\":\"BreadcrumbList\",\"@id\":\"https:\/\/centroceed.com\/index.php\/servicios\/estudios-de-imagen\/#breadcrumb\",\"itemListElement\":[{\"@type\":\"ListItem\",\"position\":1,\"name\":\"Home\",\"item\":\"https:\/\/centroceed.com\/\"},{\"@type\":\"ListItem\",\"position\":2,\"name\":\"Servicios\",\"item\":\"https:\/\/centroceed.com\/index.php\/servicios\/\"},{\"@type\":\"ListItem\",\"position\":3,\"name\":\"Estudios de Imagen\"}]},{\"@type\":\"WebSite\",\"@id\":\"https:\/\/centroceed.com\/#website\",\"url\":\"https:\/\/centroceed.com\/\",\"name\":\"CEED - Centro Especializado en Estudios Digestivos\",\"description\":\"Centro Especializado en el Diagn\u00f3stico y Tratamiento de las Enfermedades Digestivas\",\"publisher\":{\"@id\":\"https:\/\/centroceed.com\/#organization\"},\"potentialAction\":[{\"@type\":\"SearchAction\",\"target\":{\"@type\":\"EntryPoint\",\"urlTemplate\":\"https:\/\/centroceed.com\/?s={search_term_string}\"},\"query-input\":\"required name=search_term_string\"}],\"inLanguage\":\"es-DO\"},{\"@type\":\"Organization\",\"@id\":\"https:\/\/centroceed.com\/#organization\",\"name\":\"CEED\",\"url\":\"https:\/\/centroceed.com\/\",\"logo\":{\"@type\":\"ImageObject\",\"inLanguage\":\"es-DO\",\"@id\":\"https:\/\/centroceed.com\/#\/schema\/logo\/image\/\",\"url\":\"https:\/\/centroceed.com\/wp-content\/uploads\/2024\/03\/logoceed.svg\",\"contentUrl\":\"https:\/\/centroceed.com\/wp-content\/uploads\/2024\/03\/logoceed.svg\",\"width\":326,\"height\":99,\"caption\":\"CEED\"},\"image\":{\"@id\":\"https:\/\/centroceed.com\/#\/schema\/logo\/image\/\"},\"sameAs\":[\"https:\/\/www.facebook.com\/p\/Centro-Especializado-de-Estudios-Digestivos-100063752154012\/\",\"https:\/\/www.instagram.com\/ceedrd\"]}]}<\/script>\n<!-- \/ Yoast SEO plugin. -->","yoast_head_json":{"title":"Estudios de Imagen - CEED","robots":{"index":"index","follow":"follow","max-snippet":"max-snippet:-1","max-image-preview":"max-image-preview:large","max-video-preview":"max-video-preview:-1"},"canonical":"https:\/\/centroceed.com\/index.php\/servicios\/estudios-de-imagen\/","og_locale":"es_ES","og_type":"article","og_title":"Estudios de Imagen - CEED","og_description":"Sonograf\u00edas: abdominal, p\u00e9lvica, tiroides, sono mamograf\u00eda, vesico prost\u00e1tica, partes blandas. Doppler carotideo, miembros inferiores arterial y venoso. Elastograf\u00eda Hep\u00e1tica (FibroScan). Electro cardiograma (EKG).","og_url":"https:\/\/centroceed.com\/index.php\/servicios\/estudios-de-imagen\/","og_site_name":"CEED","article_publisher":"https:\/\/www.facebook.com\/p\/Centro-Especializado-de-Estudios-Digestivos-100063752154012\/","article_modified_time":"2024-03-20T18:12:52+00:00","og_image":[{"width":860,"height":430,"url":"https:\/\/centroceed.com\/wp-content\/uploads\/2024\/03\/imagen2.jpg","type":"image\/jpeg"}],"twitter_card":"summary_large_image","twitter_misc":{"Est. reading time":"3 minutos"},"schema":{"@context":"https:\/\/schema.org","@graph":[{"@type":"WebPage","@id":"https:\/\/centroceed.com\/index.php\/servicios\/estudios-de-imagen\/","url":"https:\/\/centroceed.com\/index.php\/servicios\/estudios-de-imagen\/","name":"Estudios de Imagen - CEED","isPartOf":{"@id":"https:\/\/centroceed.com\/#website"},"primaryImageOfPage":{"@id":"https:\/\/centroceed.com\/index.php\/servicios\/estudios-de-imagen\/#primaryimage"},"image":{"@id":"https:\/\/centroceed.com\/index.php\/servicios\/estudios-de-imagen\/#primaryimage"},"thumbnailUrl":"https:\/\/centroceed.com\/wp-content\/uploads\/2024\/03\/imagen2.jpg","datePublished":"2024-03-02T04:38:28+00:00","dateModified":"2024-03-20T18:12:52+00:00","breadcrumb":{"@id":"https:\/\/centroceed.com\/index.php\/servicios\/estudios-de-imagen\/#breadcrumb"},"inLanguage":"es-DO","potentialAction":[{"@type":"ReadAction","target":["https:\/\/centroceed.com\/index.php\/servicios\/estudios-de-imagen\/"]}]},{"@type":"ImageObject","inLanguage":"es-DO","@id":"https:\/\/centroceed.com\/index.php\/servicios\/estudios-de-imagen\/#primaryimage","url":"https:\/\/centroceed.com\/wp-content\/uploads\/2024\/03\/imagen2.jpg","contentUrl":"https:\/\/centroceed.com\/wp-content\/uploads\/2024\/03\/imagen2.jpg","width":860,"height":430},{"@type":"BreadcrumbList","@id":"https:\/\/centroceed.com\/index.php\/servicios\/estudios-de-imagen\/#breadcrumb","itemListElement":[{"@type":"ListItem","position":1,"name":"Home","item":"https:\/\/centroceed.com\/"},{"@type":"ListItem","position":2,"name":"Servicios","item":"https:\/\/centroceed.com\/index.php\/servicios\/"},{"@type":"ListItem","position":3,"name":"Estudios de Imagen"}]},{"@type":"WebSite","@id":"https:\/\/centroceed.com\/#website","url":"https:\/\/centroceed.com\/","name":"CEED - Centro Especializado en Estudios Digestivos","description":"Centro Especializado en el Diagn\u00f3stico y Tratamiento de las Enfermedades Digestivas","publisher":{"@id":"https:\/\/centroceed.com\/#organization"},"potentialAction":[{"@type":"SearchAction","target":{"@type":"EntryPoint","urlTemplate":"https:\/\/centroceed.com\/?s={search_term_string}"},"query-input":"required name=search_term_string"}],"inLanguage":"es-DO"},{"@type":"Organization","@id":"https:\/\/centroceed.com\/#organization","name":"CEED","url":"https:\/\/centroceed.com\/","logo":{"@type":"ImageObject","inLanguage":"es-DO","@id":"https:\/\/centroceed.com\/#\/schema\/logo\/image\/","url":"https:\/\/centroceed.com\/wp-content\/uploads\/2024\/03\/logoceed.svg","contentUrl":"https:\/\/centroceed.com\/wp-content\/uploads\/2024\/03\/logoceed.svg","width":326,"height":99,"caption":"CEED"},"image":{"@id":"https:\/\/centroceed.com\/#\/schema\/logo\/image\/"},"sameAs":["https:\/\/www.facebook.com\/p\/Centro-Especializado-de-Estudios-Digestivos-100063752154012\/","https:\/\/www.instagram.com\/ceedrd"]}]}},"_links":{"self":[{"href":"https:\/\/centroceed.com\/index.php\/wp-json\/wp\/v2\/pages\/1425"}],"collection":[{"href":"https:\/\/centroceed.com\/index.php\/wp-json\/wp\/v2\/pages"}],"about":[{"href":"https:\/\/centroceed.com\/index.php\/wp-json\/wp\/v2\/types\/page"}],"author":[{"embeddable":true,"href":"https:\/\/centroceed.com\/index.php\/wp-json\/wp\/v2\/users\/3"}],"replies":[{"embeddable":true,"href":"https:\/\/centroceed.com\/index.php\/wp-json\/wp\/v2\/comments?post=1425"}],"version-history":[{"count":12,"href":"https:\/\/centroceed.com\/index.php\/wp-json\/wp\/v2\/pages\/1425\/revisions"}],"predecessor-version":[{"id":1798,"href":"https:\/\/centroceed.com\/index.php\/wp-json\/wp\/v2\/pages\/1425\/revisions\/1798"}],"up":[{"embeddable":true,"href":"https:\/\/centroceed.com\/index.php\/wp-json\/wp\/v2\/pages\/116"}],"wp:featuredmedia":[{"embeddable":true,"href":"https:\/\/centroceed.com\/index.php\/wp-json\/wp\/v2\/media\/1612"}],"wp:attachment":[{"href":"https:\/\/centroceed.com\/index.php\/wp-json\/wp\/v2\/media?parent=1425"}],"curies":[{"name":"wp","href":"https:\/\/api.w.org\/{rel}","templated":true}]}}