{"id":307,"date":"2017-02-17T09:25:58","date_gmt":"2017-02-17T09:25:58","guid":{"rendered":"https:\/\/xml-io.proteusthemes.com\/medicpress\/?page_id=307"},"modified":"2024-02-22T03:09:33","modified_gmt":"2024-02-22T03:09:33","slug":"surgery-and-radiology","status":"publish","type":"page","link":"https:\/\/centroceed.com\/index.php\/servicios\/surgery-and-radiology\/","title":{"rendered":"Colonoscopia"},"content":{"rendered":"<div id=\"pl-307\"  class=\"panel-layout\" ><div id=\"pg-307-0\"  class=\"panel-grid panel-no-style\" ><div id=\"pgc-307-0-0\"  class=\"panel-grid-cell\" ><div id=\"panel-307-0-0-0\" class=\"so-panel widget widget_sow-editor panel-first-child panel-last-child\" data-index=\"0\" ><div\n\t\t\t\n\t\t\tclass=\"so-widget-sow-editor so-widget-sow-editor-base\"\n\t\t\t\n\t\t>\n<div class=\"siteorigin-widget-tinymce textwidget\">\n\t<h3>Colonoscopia<\/h3>\n<p>Una colonoscopia es un examen que se usa para buscar la presencia de cambios (como tejidos hinchados e irritados, p\u00f3lipos o c\u00e1ncer) en el intestino grueso (colon) y el recto. Durante una colonoscopia, se introduce una sonda larga y flexible (colonoscopio) en el recto. Una peque\u00f1a c\u00e1mara de video en la punta de la sonda le permite al m\u00e9dico observar el interior de todo el colon.<\/p>\n<p>&nbsp;<\/p>\n<p>Si es necesario, durante una colonoscopia, los p\u00f3lipos u otros tipos de tejido anormal se pueden extirpar a trav\u00e9s del colonoscopio. Durante una colonoscopia, tambi\u00e9n se pueden tomar muestras de tejido (biopsias)..<\/p>\n<p><strong><a href=\"https:\/\/xml-io.proteusthemes.com\/medicpress\/departments\/surgery-and-radiology\/\">Conocer m\u00e1s<\/a><\/strong><\/p>\n<\/div>\n<\/div><\/div><\/div><div id=\"pgc-307-0-1\"  class=\"panel-grid-cell\" ><div id=\"panel-307-0-1-0\" class=\"so-panel widget widget_sow-editor panel-first-child panel-last-child\" data-index=\"1\" ><div\n\t\t\t\n\t\t\tclass=\"so-widget-sow-editor so-widget-sow-editor-base\"\n\t\t\t\n\t\t>\n<div class=\"siteorigin-widget-tinymce textwidget\">\n\t<p><a href=\"https:\/\/xml-io.proteusthemes.com\/medicpress\/wp-content\/uploads\/sites\/48\/2017\/02\/photo12.jpg\"><img fetchpriority=\"high\" fetchpriority=\"high\" decoding=\"async\" class=\"alignnone wp-image-32 size-full\" src=\"https:\/\/xml-io.proteusthemes.com\/medicpress\/wp-content\/uploads\/sites\/48\/2017\/02\/photo12.jpg\" width=\"860\" height=\"430\" srcset=\"https:\/\/centroceed.com\/wp-content\/uploads\/2017\/02\/photo12.jpg 860w, https:\/\/centroceed.com\/wp-content\/uploads\/2017\/02\/photo12-300x150.jpg 300w, https:\/\/centroceed.com\/wp-content\/uploads\/2017\/02\/photo12-768x384.jpg 768w, https:\/\/centroceed.com\/wp-content\/uploads\/2017\/02\/photo12-350x175.jpg 350w\" sizes=\"(max-width: 860px) 100vw, 860px\" \/><\/a><\/p>\n<p><a href=\"https:\/\/xml-io.proteusthemes.com\/medicpress\/wp-content\/uploads\/sites\/48\/2017\/02\/photo33.jpg\"><img decoding=\"async\" class=\"alignnone wp-image-61 size-full\" src=\"https:\/\/xml-io.proteusthemes.com\/medicpress\/wp-content\/uploads\/sites\/48\/2017\/02\/photo33.jpg\" width=\"860\" height=\"430\" srcset=\"https:\/\/centroceed.com\/wp-content\/uploads\/2017\/02\/photo33.jpg 860w, https:\/\/centroceed.com\/wp-content\/uploads\/2017\/02\/photo33-300x150.jpg 300w, https:\/\/centroceed.com\/wp-content\/uploads\/2017\/02\/photo33-768x384.jpg 768w, https:\/\/centroceed.com\/wp-content\/uploads\/2017\/02\/photo33-350x175.jpg 350w\" sizes=\"(max-width: 860px) 100vw, 860px\" \/><\/a><\/p>\n<p>\u00a0<\/p>\n<\/div>\n<\/div><\/div><\/div><\/div><div id=\"pg-307-1\"  class=\"panel-grid panel-no-style\" ><div id=\"pgc-307-1-0\"  class=\"panel-grid-cell\" ><div id=\"panel-307-1-0-0\" class=\"so-panel widget widget_sow-editor panel-first-child panel-last-child\" data-index=\"2\" ><div\n\t\t\t\n\t\t\tclass=\"so-widget-sow-editor so-widget-sow-editor-base\"\n\t\t\t\n\t\t>\n<div class=\"siteorigin-widget-tinymce textwidget\">\n\t<h6 style=\"text-align: center\"><span class=\"icon-container\"><span class=\"fa mp mp-heart-rate-monitor fa-3x\"><\/span><\/span><\/h6>\n<h6 style=\"text-align: center\">Monitored Heartbeat<\/h6>\n<hr \/>\n<h6 style=\"text-align: center\"><span class=\"icon-container\"><span class=\"fa mp mp-nurse fa-3x\"><\/span><\/span><\/h6>\n<h6 style=\"text-align: center\">24\/7 Nursing Care<\/h6>\n<\/div>\n<\/div><\/div><\/div><div id=\"pgc-307-1-1\"  class=\"panel-grid-cell\" ><div id=\"panel-307-1-1-0\" class=\"so-panel widget widget_sow-editor panel-first-child panel-last-child\" data-index=\"3\" ><div\n\t\t\t\n\t\t\tclass=\"so-widget-sow-editor so-widget-sow-editor-base\"\n\t\t\t\n\t\t>\n<div class=\"siteorigin-widget-tinymce textwidget\">\n\t<h6 style=\"text-align: center\"><span class=\"icon-container\"><span class=\"fa mp mp-checkin-hospital fa-3x\"><\/span><\/span><\/h6>\n<h6 style=\"text-align: center\">Immediate Check-In<\/h6>\n<hr \/>\n<h6 style=\"text-align: center\"><span class=\"icon-container\"><span class=\"fa mp mp-clipboard fa-3x\"><\/span><\/span><\/h6>\n<h6 style=\"text-align: center\">Post Supervision<\/h6>\n<\/div>\n<\/div><\/div><\/div><\/div><div id=\"pg-307-2\"  class=\"panel-grid panel-no-style\" ><div id=\"pgc-307-2-0\"  class=\"panel-grid-cell\" ><div id=\"panel-307-2-0-0\" class=\"so-panel widget widget_sow-editor panel-first-child panel-last-child\" data-index=\"4\" ><div\n\t\t\t\n\t\t\tclass=\"so-widget-sow-editor so-widget-sow-editor-base\"\n\t\t\t\n\t\t>\n<div class=\"siteorigin-widget-tinymce textwidget\">\n\t<h3>Pricing<\/h3>\n<p>In this endeavor, while we have the best of an expert team of doctors taking care of the patients at one hand; we have an exemplary team of voluntary physicians and retired physicians who provide medical assistance to the not so wealthy class from negligible.<\/p>\n<\/div>\n<\/div><\/div><\/div><\/div><div id=\"pg-307-3\"  class=\"panel-grid panel-has-style\" ><div class=\"panel-row-style panel-row-style-for-307-3\" ><div id=\"pgc-307-3-0\"  class=\"panel-grid-cell\" ><div id=\"panel-307-3-0-0\" class=\"so-panel widget widget_pw_pricing_list widget-pricing-list panel-first-child panel-last-child\" data-index=\"5\" >\n\t<div class=\"pricing-list\">\n\t\t\t\t\t\t\t<div class=\"pricing-list__item\">\n\t\t\t\t<span class=\"pricing-list__title\">Abdominoplasty\t\t\t\t\t\t\t\t\t<\/span>\n\t\t\t\t<span class=\"pricing-list__price\">$5,232<\/span>\n\t\t\t\t\t\t\t<\/div>\n\t\t\t\t\t<div class=\"pricing-list__item\">\n\t\t\t\t<span class=\"pricing-list__title\">Botox\t\t\t\t\t\t\t\t\t<\/span>\n\t\t\t\t<span class=\"pricing-list__price\">$382<\/span>\n\t\t\t\t\t\t\t<\/div>\n\t\t\t\t\t<div class=\"pricing-list__item\">\n\t\t\t\t<span class=\"pricing-list__title\">Breast Augmentation\t\t\t\t\t\t\t\t\t\t\t<span class=\"pricing-list__badge\">Saline<\/span>\n\t\t\t\t\t\t\t\t\t<\/span>\n\t\t\t\t<span class=\"pricing-list__price\">$3,583<\/span>\n\t\t\t\t\t\t\t<\/div>\n\t\t\t<\/div>\n\n<\/div><\/div><div id=\"pgc-307-3-1\"  class=\"panel-grid-cell\" ><div id=\"panel-307-3-1-0\" class=\"so-panel widget widget_pw_pricing_list widget-pricing-list panel-first-child panel-last-child\" data-index=\"6\" >\n\t<div class=\"pricing-list\">\n\t\t\t\t\t\t\t<div class=\"pricing-list__item\">\n\t\t\t\t<span class=\"pricing-list__title\">Chemical Peel\t\t\t\t\t\t\t\t\t<\/span>\n\t\t\t\t<span class=\"pricing-list__price\">$848<\/span>\n\t\t\t\t\t\t\t<\/div>\n\t\t\t\t\t<div class=\"pricing-list__item\">\n\t\t\t\t<span class=\"pricing-list__title\">Laser Hair Removal\t\t\t\t\t\t\t\t\t<\/span>\n\t\t\t\t<span class=\"pricing-list__price\">$347<\/span>\n\t\t\t\t\t\t\t<\/div>\n\t\t\t\t\t<div class=\"pricing-list__item\">\n\t\t\t\t<span class=\"pricing-list__title\">Lip Augmentation (surgical)\t\t\t\t\t\t\t\t\t<\/span>\n\t\t\t\t<span class=\"pricing-list__price\">$1,819<\/span>\n\t\t\t\t\t\t\t<\/div>\n\t\t\t<\/div>\n\n<\/div><\/div><\/div><\/div><div id=\"pg-307-4\"  class=\"panel-grid panel-no-style\" ><div id=\"pgc-307-4-0\"  class=\"panel-grid-cell\" ><div id=\"panel-307-4-0-0\" class=\"so-panel widget widget_sow-editor panel-first-child panel-last-child\" data-index=\"7\" ><div\n\t\t\t\n\t\t\tclass=\"so-widget-sow-editor so-widget-sow-editor-base\"\n\t\t\t\n\t\t>\n<div class=\"siteorigin-widget-tinymce textwidget\">\n\t<h3>Notices and Info<\/h3>\n<\/div>\n<\/div><\/div><\/div><\/div><div id=\"pg-307-5\"  class=\"panel-grid panel-no-style\" ><div id=\"pgc-307-5-0\"  class=\"panel-grid-cell\" ><div id=\"panel-307-5-0-0\" class=\"so-panel widget widget_pw_notice widget-notice panel-first-child\" data-index=\"8\" >\t\t\t<div class=\"important-notice\">\n\t\t\t\t<div class=\"important-notice__label\" style=\"background-color: #66d0cc;\">\n\t\t\t\t\t<i class=\"fa  fa-chevron-circle-right\" aria-hidden=\"true\"><\/i>\n\t\t\t\t\t<div class=\"important-notice__label-text\">\n\t\t\t\t\t\tCoverage\t\t\t\t\t<\/div>\n\t\t\t\t<\/div>\n\t\t\t\t<div class=\"important-notice__text\">\n\t\t\t\t\t\tYour costs in Original Medicare\t\t\t\t<\/div>\n\t\t\t<\/div>\n\t\t<\/div><div id=\"panel-307-5-0-1\" class=\"so-panel widget widget_sow-editor\" data-index=\"9\" ><div class=\"panel-widget-style panel-widget-style-for-307-5-0-1\" ><div\n\t\t\t\n\t\t\tclass=\"so-widget-sow-editor so-widget-sow-editor-base\"\n\t\t\t\n\t\t>\n<div class=\"siteorigin-widget-tinymce textwidget\">\n\t<p>Keeping a cheerful staff and a relaxed ambiance, we strive to make each patient as comfortable and happy as possible. Open 24\/7; patients are encouraged to book appointments with us at their own convenient time and spend the minimum time waiting.<\/p>\n<hr \/>\n<p>\u00a0<\/p>\n<\/div>\n<\/div><\/div><\/div><div id=\"panel-307-5-0-2\" class=\"so-panel widget widget_pw_notice widget-notice\" data-index=\"10\" >\t\t\t<div class=\"important-notice\">\n\t\t\t\t<div class=\"important-notice__label\" style=\"background-color: #079bbb;\">\n\t\t\t\t\t<i class=\"fa  fa-chevron-circle-right\" aria-hidden=\"true\"><\/i>\n\t\t\t\t\t<div class=\"important-notice__label-text\">\n\t\t\t\t\t\tSecond Opinions\t\t\t\t\t<\/div>\n\t\t\t\t<\/div>\n\t\t\t\t<div class=\"important-notice__text\">\n\t\t\t\t\t\tCheck your Part B deductible for a doctor's visit and other outpatient care.\t\t\t\t<\/div>\n\t\t\t<\/div>\n\t\t<\/div><div id=\"panel-307-5-0-3\" class=\"so-panel widget widget_sow-editor\" data-index=\"11\" ><div class=\"panel-widget-style panel-widget-style-for-307-5-0-3\" ><div\n\t\t\t\n\t\t\tclass=\"so-widget-sow-editor so-widget-sow-editor-base\"\n\t\t\t\n\t\t>\n<div class=\"siteorigin-widget-tinymce textwidget\">\n\t<p>This is because of the insight that many eye conditions stem from other medical conditions like diabetes, thyroid disorder, immune systems, etc. Resources are also offered to complement the local physician\u2019s expertise.<\/p>\n<hr \/>\n<p>\u00a0<\/p>\n<\/div>\n<\/div><\/div><\/div><div id=\"panel-307-5-0-4\" class=\"so-panel widget widget_pw_notice widget-notice\" data-index=\"12\" >\t\t\t<div class=\"important-notice\">\n\t\t\t\t<div class=\"important-notice__label\" style=\"background-color: #079bbb;\">\n\t\t\t\t\t<i class=\"fa  fa-chevron-circle-right\" aria-hidden=\"true\"><\/i>\n\t\t\t\t\t<div class=\"important-notice__label-text\">\n\t\t\t\t\t\tInpatient Care\t\t\t\t\t<\/div>\n\t\t\t\t<\/div>\n\t\t\t\t<div class=\"important-notice__text\">\n\t\t\t\t\t\tThough no clear-cut evidence has yet been established, studies indicate that people.\t\t\t\t<\/div>\n\t\t\t<\/div>\n\t\t<\/div><div id=\"panel-307-5-0-5\" class=\"so-panel widget widget_sow-editor\" data-index=\"13\" ><div class=\"panel-widget-style panel-widget-style-for-307-5-0-5\" ><div\n\t\t\t\n\t\t\tclass=\"so-widget-sow-editor so-widget-sow-editor-base\"\n\t\t\t\n\t\t>\n<div class=\"siteorigin-widget-tinymce textwidget\">\n\t<hr \/>\n<p>\u00a0<\/p>\n<\/div>\n<\/div><\/div><\/div><div id=\"panel-307-5-0-6\" class=\"so-panel widget widget_pw_notice widget-notice panel-last-child\" data-index=\"14\" >\t\t\t<div class=\"important-notice\">\n\t\t\t\t<div class=\"important-notice__label\" style=\"background-color: #66d0cc;\">\n\t\t\t\t\t<i class=\"fa  fa-chevron-circle-right\" aria-hidden=\"true\"><\/i>\n\t\t\t\t\t<div class=\"important-notice__label-text\">\n\t\t\t\t\t\tCoverage\t\t\t\t\t<\/div>\n\t\t\t\t<\/div>\n\t\t\t\t<div class=\"important-notice__text\">\n\t\t\t\t\t\tTrust us to be there to help all and make things well again.\t\t\t\t<\/div>\n\t\t\t<\/div>\n\t\t<\/div><\/div><\/div><\/div>","protected":false},"excerpt":{"rendered":"<p>Colonoscopia Una colonoscopia es un examen que se usa para buscar la presencia de cambios (como tejidos hinchados e irritados, p\u00f3lipos o c\u00e1ncer) en el intestino grueso (colon) y el recto. Durante una colonoscopia, se introduce una sonda larga y flexible (colonoscopio) en el recto. Una peque\u00f1a c\u00e1mara de video en la punta de la &hellip;<\/p>\n","protected":false},"author":1,"featured_media":51,"parent":116,"menu_order":0,"comment_status":"closed","ping_status":"closed","template":"","meta":{"_acf_changed":false,"inline_featured_image":false,"footnotes":""},"acf":[],"yoast_head":"<!-- This site is optimized with the Yoast SEO plugin v22.2 - https:\/\/yoast.com\/wordpress\/plugins\/seo\/ -->\n<title>Colonoscopia - CEED<\/title>\n<meta name=\"robots\" content=\"index, follow, max-snippet:-1, max-image-preview:large, max-video-preview:-1\" \/>\n<link rel=\"canonical\" href=\"https:\/\/centroceed.com\/index.php\/servicios\/surgery-and-radiology\/\" \/>\n<meta property=\"og:locale\" content=\"es_ES\" \/>\n<meta property=\"og:type\" content=\"article\" \/>\n<meta property=\"og:title\" content=\"Colonoscopia - CEED\" \/>\n<meta property=\"og:description\" content=\"Colonoscopia Una colonoscopia es un examen que se usa para buscar la presencia de cambios (como tejidos hinchados e irritados, p\u00f3lipos o c\u00e1ncer) en el intestino grueso (colon) y el recto. Durante una colonoscopia, se introduce una sonda larga y flexible (colonoscopio) en el recto. Una peque\u00f1a c\u00e1mara de video en la punta de la &hellip;\" \/>\n<meta property=\"og:url\" content=\"https:\/\/centroceed.com\/index.php\/servicios\/surgery-and-radiology\/\" \/>\n<meta property=\"og:site_name\" content=\"CEED\" \/>\n<meta property=\"article:publisher\" content=\"https:\/\/www.facebook.com\/p\/Centro-Especializado-de-Estudios-Digestivos-100063752154012\/\" \/>\n<meta property=\"article:modified_time\" content=\"2024-02-22T03:09:33+00:00\" \/>\n<meta property=\"og:image\" content=\"https:\/\/centroceed.com\/wp-content\/uploads\/2017\/02\/photo23.jpg\" \/>\n\t<meta property=\"og:image:width\" content=\"860\" \/>\n\t<meta property=\"og:image:height\" content=\"430\" \/>\n\t<meta property=\"og:image:type\" content=\"image\/jpeg\" \/>\n<meta name=\"twitter:card\" content=\"summary_large_image\" \/>\n<meta name=\"twitter:label1\" content=\"Est. reading time\" \/>\n\t<meta name=\"twitter:data1\" content=\"2 minutos\" \/>\n<script type=\"application\/ld+json\" class=\"yoast-schema-graph\">{\"@context\":\"https:\/\/schema.org\",\"@graph\":[{\"@type\":\"WebPage\",\"@id\":\"https:\/\/centroceed.com\/index.php\/servicios\/surgery-and-radiology\/\",\"url\":\"https:\/\/centroceed.com\/index.php\/servicios\/surgery-and-radiology\/\",\"name\":\"Colonoscopia - CEED\",\"isPartOf\":{\"@id\":\"https:\/\/centroceed.com\/#website\"},\"primaryImageOfPage\":{\"@id\":\"https:\/\/centroceed.com\/index.php\/servicios\/surgery-and-radiology\/#primaryimage\"},\"image\":{\"@id\":\"https:\/\/centroceed.com\/index.php\/servicios\/surgery-and-radiology\/#primaryimage\"},\"thumbnailUrl\":\"https:\/\/centroceed.com\/wp-content\/uploads\/2017\/02\/photo23.jpg\",\"datePublished\":\"2017-02-17T09:25:58+00:00\",\"dateModified\":\"2024-02-22T03:09:33+00:00\",\"breadcrumb\":{\"@id\":\"https:\/\/centroceed.com\/index.php\/servicios\/surgery-and-radiology\/#breadcrumb\"},\"inLanguage\":\"es-DO\",\"potentialAction\":[{\"@type\":\"ReadAction\",\"target\":[\"https:\/\/centroceed.com\/index.php\/servicios\/surgery-and-radiology\/\"]}]},{\"@type\":\"ImageObject\",\"inLanguage\":\"es-DO\",\"@id\":\"https:\/\/centroceed.com\/index.php\/servicios\/surgery-and-radiology\/#primaryimage\",\"url\":\"https:\/\/centroceed.com\/wp-content\/uploads\/2017\/02\/photo23.jpg\",\"contentUrl\":\"https:\/\/centroceed.com\/wp-content\/uploads\/2017\/02\/photo23.jpg\",\"width\":860,\"height\":430},{\"@type\":\"BreadcrumbList\",\"@id\":\"https:\/\/centroceed.com\/index.php\/servicios\/surgery-and-radiology\/#breadcrumb\",\"itemListElement\":[{\"@type\":\"ListItem\",\"position\":1,\"name\":\"Home\",\"item\":\"https:\/\/centroceed.com\/\"},{\"@type\":\"ListItem\",\"position\":2,\"name\":\"Servicios\",\"item\":\"https:\/\/centroceed.com\/index.php\/servicios\/\"},{\"@type\":\"ListItem\",\"position\":3,\"name\":\"Colonoscopia\"}]},{\"@type\":\"WebSite\",\"@id\":\"https:\/\/centroceed.com\/#website\",\"url\":\"https:\/\/centroceed.com\/\",\"name\":\"CEED - Centro Especializado en Estudios Digestivos\",\"description\":\"Centro Especializado en el Diagn\u00f3stico y Tratamiento de las Enfermedades Digestivas\",\"publisher\":{\"@id\":\"https:\/\/centroceed.com\/#organization\"},\"potentialAction\":[{\"@type\":\"SearchAction\",\"target\":{\"@type\":\"EntryPoint\",\"urlTemplate\":\"https:\/\/centroceed.com\/?s={search_term_string}\"},\"query-input\":\"required name=search_term_string\"}],\"inLanguage\":\"es-DO\"},{\"@type\":\"Organization\",\"@id\":\"https:\/\/centroceed.com\/#organization\",\"name\":\"CEED\",\"url\":\"https:\/\/centroceed.com\/\",\"logo\":{\"@type\":\"ImageObject\",\"inLanguage\":\"es-DO\",\"@id\":\"https:\/\/centroceed.com\/#\/schema\/logo\/image\/\",\"url\":\"https:\/\/centroceed.com\/wp-content\/uploads\/2024\/03\/logoceed.svg\",\"contentUrl\":\"https:\/\/centroceed.com\/wp-content\/uploads\/2024\/03\/logoceed.svg\",\"width\":326,\"height\":99,\"caption\":\"CEED\"},\"image\":{\"@id\":\"https:\/\/centroceed.com\/#\/schema\/logo\/image\/\"},\"sameAs\":[\"https:\/\/www.facebook.com\/p\/Centro-Especializado-de-Estudios-Digestivos-100063752154012\/\",\"https:\/\/www.instagram.com\/ceedrd\"]}]}<\/script>\n<!-- \/ Yoast SEO plugin. -->","yoast_head_json":{"title":"Colonoscopia - CEED","robots":{"index":"index","follow":"follow","max-snippet":"max-snippet:-1","max-image-preview":"max-image-preview:large","max-video-preview":"max-video-preview:-1"},"canonical":"https:\/\/centroceed.com\/index.php\/servicios\/surgery-and-radiology\/","og_locale":"es_ES","og_type":"article","og_title":"Colonoscopia - CEED","og_description":"Colonoscopia Una colonoscopia es un examen que se usa para buscar la presencia de cambios (como tejidos hinchados e irritados, p\u00f3lipos o c\u00e1ncer) en el intestino grueso (colon) y el recto. Durante una colonoscopia, se introduce una sonda larga y flexible (colonoscopio) en el recto. Una peque\u00f1a c\u00e1mara de video en la punta de la &hellip;","og_url":"https:\/\/centroceed.com\/index.php\/servicios\/surgery-and-radiology\/","og_site_name":"CEED","article_publisher":"https:\/\/www.facebook.com\/p\/Centro-Especializado-de-Estudios-Digestivos-100063752154012\/","article_modified_time":"2024-02-22T03:09:33+00:00","og_image":[{"width":860,"height":430,"url":"https:\/\/centroceed.com\/wp-content\/uploads\/2017\/02\/photo23.jpg","type":"image\/jpeg"}],"twitter_card":"summary_large_image","twitter_misc":{"Est. reading time":"2 minutos"},"schema":{"@context":"https:\/\/schema.org","@graph":[{"@type":"WebPage","@id":"https:\/\/centroceed.com\/index.php\/servicios\/surgery-and-radiology\/","url":"https:\/\/centroceed.com\/index.php\/servicios\/surgery-and-radiology\/","name":"Colonoscopia - CEED","isPartOf":{"@id":"https:\/\/centroceed.com\/#website"},"primaryImageOfPage":{"@id":"https:\/\/centroceed.com\/index.php\/servicios\/surgery-and-radiology\/#primaryimage"},"image":{"@id":"https:\/\/centroceed.com\/index.php\/servicios\/surgery-and-radiology\/#primaryimage"},"thumbnailUrl":"https:\/\/centroceed.com\/wp-content\/uploads\/2017\/02\/photo23.jpg","datePublished":"2017-02-17T09:25:58+00:00","dateModified":"2024-02-22T03:09:33+00:00","breadcrumb":{"@id":"https:\/\/centroceed.com\/index.php\/servicios\/surgery-and-radiology\/#breadcrumb"},"inLanguage":"es-DO","potentialAction":[{"@type":"ReadAction","target":["https:\/\/centroceed.com\/index.php\/servicios\/surgery-and-radiology\/"]}]},{"@type":"ImageObject","inLanguage":"es-DO","@id":"https:\/\/centroceed.com\/index.php\/servicios\/surgery-and-radiology\/#primaryimage","url":"https:\/\/centroceed.com\/wp-content\/uploads\/2017\/02\/photo23.jpg","contentUrl":"https:\/\/centroceed.com\/wp-content\/uploads\/2017\/02\/photo23.jpg","width":860,"height":430},{"@type":"BreadcrumbList","@id":"https:\/\/centroceed.com\/index.php\/servicios\/surgery-and-radiology\/#breadcrumb","itemListElement":[{"@type":"ListItem","position":1,"name":"Home","item":"https:\/\/centroceed.com\/"},{"@type":"ListItem","position":2,"name":"Servicios","item":"https:\/\/centroceed.com\/index.php\/servicios\/"},{"@type":"ListItem","position":3,"name":"Colonoscopia"}]},{"@type":"WebSite","@id":"https:\/\/centroceed.com\/#website","url":"https:\/\/centroceed.com\/","name":"CEED - Centro Especializado en Estudios Digestivos","description":"Centro Especializado en el Diagn\u00f3stico y Tratamiento de las Enfermedades Digestivas","publisher":{"@id":"https:\/\/centroceed.com\/#organization"},"potentialAction":[{"@type":"SearchAction","target":{"@type":"EntryPoint","urlTemplate":"https:\/\/centroceed.com\/?s={search_term_string}"},"query-input":"required name=search_term_string"}],"inLanguage":"es-DO"},{"@type":"Organization","@id":"https:\/\/centroceed.com\/#organization","name":"CEED","url":"https:\/\/centroceed.com\/","logo":{"@type":"ImageObject","inLanguage":"es-DO","@id":"https:\/\/centroceed.com\/#\/schema\/logo\/image\/","url":"https:\/\/centroceed.com\/wp-content\/uploads\/2024\/03\/logoceed.svg","contentUrl":"https:\/\/centroceed.com\/wp-content\/uploads\/2024\/03\/logoceed.svg","width":326,"height":99,"caption":"CEED"},"image":{"@id":"https:\/\/centroceed.com\/#\/schema\/logo\/image\/"},"sameAs":["https:\/\/www.facebook.com\/p\/Centro-Especializado-de-Estudios-Digestivos-100063752154012\/","https:\/\/www.instagram.com\/ceedrd"]}]}},"_links":{"self":[{"href":"https:\/\/centroceed.com\/index.php\/wp-json\/wp\/v2\/pages\/307"}],"collection":[{"href":"https:\/\/centroceed.com\/index.php\/wp-json\/wp\/v2\/pages"}],"about":[{"href":"https:\/\/centroceed.com\/index.php\/wp-json\/wp\/v2\/types\/page"}],"author":[{"embeddable":true,"href":"https:\/\/centroceed.com\/index.php\/wp-json\/wp\/v2\/users\/1"}],"replies":[{"embeddable":true,"href":"https:\/\/centroceed.com\/index.php\/wp-json\/wp\/v2\/comments?post=307"}],"version-history":[{"count":4,"href":"https:\/\/centroceed.com\/index.php\/wp-json\/wp\/v2\/pages\/307\/revisions"}],"predecessor-version":[{"id":1096,"href":"https:\/\/centroceed.com\/index.php\/wp-json\/wp\/v2\/pages\/307\/revisions\/1096"}],"up":[{"embeddable":true,"href":"https:\/\/centroceed.com\/index.php\/wp-json\/wp\/v2\/pages\/116"}],"wp:featuredmedia":[{"embeddable":true,"href":"https:\/\/centroceed.com\/index.php\/wp-json\/wp\/v2\/media\/51"}],"wp:attachment":[{"href":"https:\/\/centroceed.com\/index.php\/wp-json\/wp\/v2\/media?parent=307"}],"curies":[{"name":"wp","href":"https:\/\/api.w.org\/{rel}","templated":true}]}}